{"id":1033,"date":"2014-09-23T07:28:51","date_gmt":"2014-09-23T07:28:51","guid":{"rendered":"http:\/\/www.palaestina-verein.de\/wp\/wordpress\/?page_id=1033"},"modified":"2015-02-02T13:25:59","modified_gmt":"2015-02-02T13:25:59","slug":"la-societe-2","status":"publish","type":"page","link":"https:\/\/www.palaestina-verein.de\/wp\/wordpress?page_id=1033&lang=fr","title":{"rendered":"La soci\u00e9t\u00e9"},"content":{"rendered":"<div  class='flex_column av-av_one_full-2a9015ff38129c418a3f2eafba3e9512 av_one_full  avia-builder-el-0  avia-builder-el-no-sibling  first flex_column_div  '     ><section  class='av_textblock_section av-av_textblock-0366cc7376be6c9e82a3e9cc8987b64f '   itemscope=\"itemscope\" itemtype=\"https:\/\/schema.org\/CreativeWork\" ><div class='avia_textblock'  itemprop=\"text\" ><div id=\"attachment_2779\" style=\"width: 1510px\" class=\"wp-caption aligncenter\"><a href=\"https:\/\/www.palaestina-verein.de\/wp\/wordpress\/wp-content\/uploads\/Jerusalem_1500x430.jpg\"><img loading=\"lazy\" decoding=\"async\" aria-describedby=\"caption-attachment-2779\" class=\"size-featured wp-image-2779\" src=\"https:\/\/www.palaestina-verein.de\/wp\/wordpress\/wp-content\/uploads\/Jerusalem_1500x430-1500x430.jpg\" alt=\"Vue sur la vieille ville de J\u00e9rusalem (photographi\u00e9 par D. Kessi).\" width=\"1500\" height=\"430\" srcset=\"https:\/\/www.palaestina-verein.de\/wp\/wordpress\/wp-content\/uploads\/Jerusalem_1500x430.jpg 1500w, https:\/\/www.palaestina-verein.de\/wp\/wordpress\/wp-content\/uploads\/Jerusalem_1500x430-300x86.jpg 300w, https:\/\/www.palaestina-verein.de\/wp\/wordpress\/wp-content\/uploads\/Jerusalem_1500x430-1030x295.jpg 1030w, https:\/\/www.palaestina-verein.de\/wp\/wordpress\/wp-content\/uploads\/Jerusalem_1500x430-705x202.jpg 705w, https:\/\/www.palaestina-verein.de\/wp\/wordpress\/wp-content\/uploads\/Jerusalem_1500x430-450x129.jpg 450w\" sizes=\"auto, (max-width: 1500px) 100vw, 1500px\" \/><\/a><p id=\"caption-attachment-2779\" class=\"wp-caption-text\">Vue sur la vieille ville de J\u00e9rusalem (photographi\u00e9 par D. Kessi).<\/p><\/div>\n<blockquote>\n<p>Le but que s&#8217;est fix\u00e9 la\u00a0Soci\u00e9t\u00e9 allemande pour l&#8217;\u00e9tude de la Palestine depuis sa fondation en 1877, est la recherche scientifique au sujet de l&#8217;histoire et la culture de la Palestine. Recherches qui se concentrent tout particuli\u00e8rement sur son pass\u00e9 biblique<\/p>\n<\/blockquote>\n<div id=\"attachment_1825\" style=\"width: 190px\" class=\"wp-caption alignright\"><a href=\"https:\/\/www.palaestina-verein.de\/wp\/wordpress\/wp-content\/uploads\/socin.jpg\"><img loading=\"lazy\" decoding=\"async\" aria-describedby=\"caption-attachment-1825\" class=\"wp-image-1825 size-square\" src=\"https:\/\/www.palaestina-verein.de\/wp\/wordpress\/wp-content\/uploads\/socin-e1415801835221-180x180.jpg\" alt=\"Albert Socin (1844-1899)\" width=\"180\" height=\"180\" \/><\/a><p id=\"caption-attachment-1825\" class=\"wp-caption-text\">Albert Socin (1844-1899)<\/p><\/div>\n<p>En rapport avec cet objectif, la soci\u00e9t\u00e9 r\u00e9unit les personnes int\u00e9ress\u00e9es et s&#8217;efforce de rendre accessible les r\u00e9sultats de ces recherches sur la Palestine \u00e0 d&#8217;autres cercles. <a href=\"https:\/\/www.palaestina-verein.de\/wp\/wordpress?p=2345&#038;lang=fr\">L&#8217;assembl\u00e9e g\u00e9n\u00e9rale<\/a> a lieu tous les deux ans. Cette assembl\u00e9e est de surcro\u00eet jointe \u00e0 un colloque dont le th\u00e8me est d\u00e9fini par l&#8217;ensemble des membres. Avec ses conf\u00e9rences, d\u00e9bats et les nombreuses occasions de discussions, cette rencontre est un forum qui favorise l&#8217;\u00e9change d&#8217;informations.<br \/>\nLa soci\u00e9t\u00e9 \u00e9dite annuellement la Zeitschrift des Deutschen Pal\u00e4stina-Vereins (Journal de la Soci\u00e9t\u00e9 allemande pour l&#8217;\u00e9tude de la Palestine- ZDPV), que les membres re\u00e7oivent gratuitement. Les articles abordent des th\u00e8mes concernant l&#8217;histoire et la culture de la Palestine \u00e0 partir d&#8217;une pluralit\u00e9 de perspectives: on y trouvera aussi bien une approche arch\u00e9ologique, topographique, iconographique, qu&#8217;une approche propre \u00e0 la science des religions, ethnologique, philologique ou encore litt\u00e9raire. Recensions et communiqu\u00e9s qui peuvent \u00eatre d&#8217;int\u00e9r\u00eat pour les membres y sont \u00e9galement inclus.<\/p>\n<p>Depuis 1969 l&#8217;association soutient et promeut la parution des Abhandlungen des Deutschen Pal\u00e4stina-Vereins (Publications de la Soci\u00e9t\u00e9 allemande pour l&#8217;\u00e9tude de la Palestine &#8211; ADPV). Sous forme de monographies, ces publications qui paraissent \u00e0 des intervalles irr\u00e9guliers sont consacr\u00e9e aux m\u00eames th\u00e8mes que le journal ZDPV.<\/p>\n<p>La soci\u00e9t\u00e9 entretient des \u00e9changes constants avec d&#8217;autres associations ou institutions partageant un but similaire. Cet \u00e9change \u00e0 permis le d\u00e9veloppement d&#8217;une biblioth\u00e8que constitu\u00e9e principalement de revues concernant la recherche sur la Palestine ancienne ou de disciplines de recherche proches. Elle est ouverte \u00e0 tous les membres.<\/p>\n<div id=\"attachment_1815\" style=\"width: 190px\" class=\"wp-caption alignright\"><a href=\"https:\/\/www.palaestina-verein.de\/wp\/wordpress\/wp-content\/uploads\/schumacher.jpg\"><img loading=\"lazy\" decoding=\"async\" aria-describedby=\"caption-attachment-1815\" class=\"wp-image-1815 size-square\" src=\"https:\/\/www.palaestina-verein.de\/wp\/wordpress\/wp-content\/uploads\/schumacher-e1415808288907-180x180.jpg\" alt=\"Gottlieb Schumacher (1857-1926)\" width=\"180\" height=\"180\" srcset=\"https:\/\/www.palaestina-verein.de\/wp\/wordpress\/wp-content\/uploads\/schumacher-e1415808288907-180x180.jpg 180w, https:\/\/www.palaestina-verein.de\/wp\/wordpress\/wp-content\/uploads\/schumacher-e1415808288907-80x80.jpg 80w, https:\/\/www.palaestina-verein.de\/wp\/wordpress\/wp-content\/uploads\/schumacher-e1415808288907-300x300.jpg 300w, https:\/\/www.palaestina-verein.de\/wp\/wordpress\/wp-content\/uploads\/schumacher-e1415808288907-36x36.jpg 36w, https:\/\/www.palaestina-verein.de\/wp\/wordpress\/wp-content\/uploads\/schumacher-e1415808288907-120x120.jpg 120w, https:\/\/www.palaestina-verein.de\/wp\/wordpress\/wp-content\/uploads\/schumacher-e1415808288907.jpg 350w\" sizes=\"auto, (max-width: 180px) 100vw, 180px\" \/><\/a><p id=\"caption-attachment-1815\" class=\"wp-caption-text\">Gottlieb Schumacher (1857-1926)<\/p><\/div>\n<p>La Soci\u00e9t\u00e9 allemande pour l&#8217;\u00e9tude de la Palestine est n\u00e9e le 28 Septembre 1877 sur l&#8217;initiative de C. Zimmermann de B\u00e2le, A. Socin de Tubingue, et E. Kautzch de B\u00e2le. C&#8217;\u00e9tait la premi\u00e8re soci\u00e9t\u00e9 de langue allemande vou\u00e9e \u00e0 des recherches sur la Palestine o\u00f9 l&#8217;adh\u00e9sion \u00e9tait ind\u00e9pendante de toute appartenance religieuse ou politique, et de ce fait le nombre de membres s&#8217;accrut rapidement. Ce d\u00e9veloppement r\u00e9ussi permit \u00e0 la soci\u00e9t\u00e9 de poursuivre ses activit\u00e9s d&#8217;\u00e9ditions tout en d\u00e9veloppant une biblioth\u00e8que sur la Palestine. La cr\u00e9ation d&#8217;un fonds pour des fouilles arch\u00e9ologiques, lui permit \u00e9galement de soutenir plusieurs projets en Palestine ou m\u00eame de les conduire elle-m\u00eame. La r\u00e9cup\u00e9ration de l&#8217;inscription de Siloah (C. Schick), les fouilles \u00e0 J\u00e9rusalem (H. Guthe) et Megiddo (Tell el-Mutessellim, G. Schumacher et C. Watzinger) et nombre d&#8217;\u00e9tudes topographiques et ethnologiques purent ainsi \u00eatre entreprises et publi\u00e9es.<\/p>\n<div id=\"attachment_1820\" style=\"width: 190px\" class=\"wp-caption alignright\"><a href=\"https:\/\/www.palaestina-verein.de\/wp\/wordpress\/wp-content\/uploads\/noth.jpg\"><img loading=\"lazy\" decoding=\"async\" aria-describedby=\"caption-attachment-1820\" class=\"wp-image-1820 size-square\" src=\"https:\/\/www.palaestina-verein.de\/wp\/wordpress\/wp-content\/uploads\/noth-e1415808396804-180x180.jpg\" alt=\"Martin Noth (1902-1968)\" width=\"180\" height=\"180\" \/><\/a><p id=\"caption-attachment-1820\" class=\"wp-caption-text\">Martin Noth (1902-1968)<\/p><\/div>\n<p>Les collections ethnologiques et arch\u00e9ologiques ainsi peu \u00e0 peu constitu\u00e9es par la soci\u00e9t\u00e9 furent d\u00e9truites en m\u00eame temps que la biblioth\u00e8que de la soci\u00e9t\u00e9 \u00e0 Leipzig le 4 D\u00e9cembre 1943. En 1944\/45 Martin Noth r\u00e9ussit encore en d\u00e9pit des conditions difficiles \u00e0 publier le num\u00e9ro 67 de la revue. Apr\u00e8s cela la publication de la revue fut interrompue et la soci\u00e9t\u00e9 dissolue en 1949.\u00a0La parution de ce qui est consid\u00e9r\u00e9 comme le num\u00e9ro 68 de la revue, Beitr\u00e4ge zur Biblischen Landes- und Altertumskunde (Contributions \u00e0 la g\u00e9ographie et \u00e0 l&#8217;arch\u00e9ologie biblique)fut la seule publication des ann\u00e9es 1949-1951 lanc\u00e9e tel un pont \u00e0 travers les ann\u00e9es de cessation d&#8217;activit\u00e9s de la soci\u00e9t\u00e9 jusqu&#8217;au jour de sa nouvelle fondation le 31 Juillet 1952. A partir de 1953 la publication de la revue connut \u00e0 nouveau une parution r\u00e9guli\u00e8re (\u00e0 partir du num\u00e9ro 69) et garda son titre d&#8217;origine.<\/p>\n<p>La soci\u00e9t\u00e9 maintint cette &#8222;tradition de la langue allemande&#8220;, mais rev\u00eatit bient\u00f4t un caract\u00e8re international gr\u00e2ce aux contributions en anglais et fran\u00e7ais. Cela refl\u00e8te le d\u00e9veloppement de la soci\u00e9t\u00e9 qui sous la pr\u00e9sidence de M. Noth, O. Pl\u00f6ger, H. Donner et H. Weippert a vu le nombre de ses membres s&#8217;accro\u00eetre \u00e0 travers le monde.<br \/>\nFid\u00e8le aux objectifs de ses fondateurs la Soci\u00e9t\u00e9 allemande pour l&#8217;\u00e9tude de la Palestine&#8220; se consacre encore aujourd&#8217;hui \u00e0 promouvoir et diffuser la connaissance de l&#8217;histoire et de la culture de la Palestine de tous les temps. Pour ce faire nous faisons appel \u00e0 toute personne ou institution int\u00e9ress\u00e9e \u00e0 soutenir cette soci\u00e9t\u00e9 par son adh\u00e9sion.<\/p>\n<p>Au nom du bureau <div class=\"staff-member-listing president\"><div class=\"staff-member even \">\r\n<div  class='flex_column av-av_one_fifth-2a9015ff38129c418a3f2eafba3e9512 av_one_fifth first flex_column_div  '     ><p> <img decoding=\"async\" class=\"staff-member-photo\" src=\"https:\/\/www.palaestina-verein.de\/wp\/wordpress\/wp-content\/uploads\/kamlah.jpg\" alt=\"Prof. Dr. Jens Kamlah : Vorsitzender, Stellvertretender Schatzmeister\"><\/p><\/div>\r\n <div  class='flex_column av-av_two_fifth-1c47c10d9dd6b9bc0b68f292c1cf5942 av_two_fifth flex_column_div  '     ><p> <strong>Prof. Dr. Jens Kamlah<\/strong><br \/>\nVorsitzender, Stellvertretender Schatzmeister<br \/>\n<a href=\"mailto:&#106;en&#115;&#046;kam&#108;&#097;&#104;&#064;u&#110;&#105;&#045;tueb&#105;&#110;g&#101;n&#046;d&#101;\" title=\"Email Prof. Dr. Jens Kamlah\">&#106;en&#115;&#046;kam&#108;&#097;&#104;&#064;u&#110;&#105;&#045;tueb&#105;&#110;g&#101;n&#046;d&#101;<\/a><\/p><\/div>\r\n<div  class='flex_column av-av_two_fifth-1c47c10d9dd6b9bc0b68f292c1cf5942 av_two_fifth flex_column_div  '     ><p> <a title=\"Universit\u00e4t T\u00fcbingen\" href=\"http:\/\/www.uni-tuebingen.de\" target=\"_blank\" rel=\"noopener\">Universit\u00e4t T\u00fcbingen<br \/>\n<\/a>Biblisch-Arch\u00e4ologisches Institut<br \/>\nLiebermeisterstra\u00dfe 12-14<br \/>\nD-72076 T\u00fcbingen<br \/>\nFax: +49\/(0)7071\/29-5433 <\/p><\/div>\r\n<\/div> <!-- Close staff-member --><div class=\"staff-member odd  last\">\r\n<div  class='flex_column av-av_one_fifth-2a9015ff38129c418a3f2eafba3e9512 av_one_fifth first flex_column_div  '     ><p> <img decoding=\"async\" class=\"staff-member-photo\" src=\"https:\/\/www.palaestina-verein.de\/wp\/wordpress\/wp-content\/uploads\/Bild-Schmidt.jpg\" alt=\"Prof. Dr. Katharina Schmidt : Vorsitzende, Internationale Beziehungen\"><\/p><\/div>\r\n <div  class='flex_column av-av_two_fifth-1c47c10d9dd6b9bc0b68f292c1cf5942 av_two_fifth flex_column_div  '     ><p> <strong>Prof. Dr. Katharina Schmidt<\/strong><br \/>\nVorsitzende, Internationale Beziehungen<br \/>\n<a href=\"mailto:&#107;a&#116;&#104;arinas&#099;hmi&#100;&#116;&#064;un&#105;-&#109;u&#101;&#110;s&#116;&#101;&#114;.&#100;e\" title=\"Email Prof. Dr. Katharina Schmidt\">&#107;a&#116;&#104;arinas&#099;hmi&#100;&#116;&#064;un&#105;-&#109;u&#101;&#110;s&#116;&#101;&#114;.&#100;e<\/a><\/p><\/div>\r\n<div  class='flex_column av-av_two_fifth-1c47c10d9dd6b9bc0b68f292c1cf5942 av_two_fifth flex_column_div  '     ><p> <a title=\"Deutsches Evangelisches Institut f\u00fcr Altertumswissenschaft des Heiligen Landes Amman\" href=\"https:\/\/www.deiahl.de\">Universtit\u00e4t M\u00fcnster<\/a><br \/>\nJuniorprofessorin f\u00fcr Biblische Arch\u00e4ologie\/ Arch\u00e4ologie der Levante<br \/>\nAlttestamentliches Seminar<br \/>\nUniversit\u00e4tsstr. 13-17<br \/>\n48143 M\u00fcnster<\/p>\n<p><a href=\"https:\/\/www.dainst.org\">Deutsches Arch\u00e4ologisches Institut<\/a><br \/>\nWissenschaftliche Referentin f\u00fcr Biblische Arch\u00e4ologie\/ Arch\u00e4ologie der Levante<br \/>\nPr\u00e4sidialbereich<br \/>\nPodbielskiallee 69-71<br \/>\n14195 Berlin <\/p><\/div>\r\n<\/div> <!-- Close staff-member --><\/div> <!-- Close staff-member-listing --><\/p>\n<\/div><\/section><\/div>\n","protected":false},"excerpt":{"rendered":"","protected":false},"author":6,"featured_media":0,"parent":0,"menu_order":0,"comment_status":"closed","ping_status":"closed","template":"","meta":{"_bbp_topic_count":0,"_bbp_reply_count":0,"_bbp_total_topic_count":0,"_bbp_total_reply_count":0,"_bbp_voice_count":0,"_bbp_anonymous_reply_count":0,"_bbp_topic_count_hidden":0,"_bbp_reply_count_hidden":0,"_bbp_forum_subforum_count":0,"footnotes":""},"class_list":["post-1033","page","type-page","status-publish","hentry"],"_links":{"self":[{"href":"https:\/\/www.palaestina-verein.de\/wp\/wordpress\/index.php?rest_route=\/wp\/v2\/pages\/1033","targetHints":{"allow":["GET"]}}],"collection":[{"href":"https:\/\/www.palaestina-verein.de\/wp\/wordpress\/index.php?rest_route=\/wp\/v2\/pages"}],"about":[{"href":"https:\/\/www.palaestina-verein.de\/wp\/wordpress\/index.php?rest_route=\/wp\/v2\/types\/page"}],"author":[{"embeddable":true,"href":"https:\/\/www.palaestina-verein.de\/wp\/wordpress\/index.php?rest_route=\/wp\/v2\/users\/6"}],"replies":[{"embeddable":true,"href":"https:\/\/www.palaestina-verein.de\/wp\/wordpress\/index.php?rest_route=%2Fwp%2Fv2%2Fcomments&post=1033"}],"version-history":[{"count":8,"href":"https:\/\/www.palaestina-verein.de\/wp\/wordpress\/index.php?rest_route=\/wp\/v2\/pages\/1033\/revisions"}],"predecessor-version":[{"id":2785,"href":"https:\/\/www.palaestina-verein.de\/wp\/wordpress\/index.php?rest_route=\/wp\/v2\/pages\/1033\/revisions\/2785"}],"wp:attachment":[{"href":"https:\/\/www.palaestina-verein.de\/wp\/wordpress\/index.php?rest_route=%2Fwp%2Fv2%2Fmedia&parent=1033"}],"curies":[{"name":"wp","href":"https:\/\/api.w.org\/{rel}","templated":true}]}}