{"id":1103,"date":"2014-09-23T16:08:36","date_gmt":"2014-09-23T16:08:36","guid":{"rendered":"http:\/\/www.palaestina-verein.de\/wp\/wordpress\/?page_id=1103"},"modified":"2023-05-15T07:19:37","modified_gmt":"2023-05-15T07:19:37","slug":"1103-2","status":"publish","type":"page","link":"https:\/\/www.palaestina-verein.de\/wp\/wordpress?page_id=1103&lang=fr","title":{"rendered":"Adh\u00e9sion"},"content":{"rendered":"<blockquote><p>Voulez-vous devenir membre ou avez-vous des questions sur votre adh\u00e9sion? N&#8217;h\u00e9sitez pas \u00e0 nous contacter via le formulaire de contact.\u00a0Nous vous aidons volontiers.<\/p><\/blockquote>\n<p>L&#8217;adh\u00e9sion \u00e0 la Soci\u00e9t\u00e9 allemande pour l&#8217;exploration de la Palestine commence avec l&#8217;ann\u00e9e civile (aussi r\u00e9troactivement). La cotisation est de 50.00 \u20ac et comprend l&#8217;abonnement du journal \u00abZeitschrift des Deutschen Pal\u00e4stina-Vereins\u00bb (les couples paient une cotisation commune de 60,00 \u20ac s&#8217;ils ne souhaitent recevoir qu&#8217;un seul journal). Les \u00e9tudiants ont droit \u00e0 une p\u00e9riode de cinq ans en max. pour obtenir une cotisation r\u00e9duite de 20.00 \u20ac. Ils doivent justifier de leur statut d&#8217;\u00e9tudiant lors de l&#8217;application d&#8217;adh\u00e9sion par des documents officiels.<\/p>\n<p>Pour les d\u00e9p\u00f4ts et les transferts utilisez nos coordonn\u00e9es bancaires, s.v.p. (voire \u00e0 droite).<\/p>\n<div class=\"staff-member-listing treasurer\"><div class=\"staff-member even  last\">\r\n<div  class='flex_column av-av_one_fifth-2a9015ff38129c418a3f2eafba3e9512 av_one_fifth first flex_column_div  '     ><p> <img decoding=\"async\" class=\"staff-member-photo\" src=\"https:\/\/www.palaestina-verein.de\/wp\/wordpress\/wp-content\/uploads\/photo_2020-08-19_15-42-06.jpg\" alt=\"Prof. Dr. Michael Pietsch : Schatzmeister\"><\/p><\/div>\r\n <div  class='flex_column av-av_two_fifth-1c47c10d9dd6b9bc0b68f292c1cf5942 av_two_fifth flex_column_div  '     ><p> <strong>Prof. Dr. Michael Pietsch<\/strong><br \/>\nSchatzmeister<br \/>\n<a href=\"mailto:mi&#099;hael&#046;piet&#115;&#099;h&#064;au&#103;us&#116;ana&#046;&#100;&#101;\" title=\"Email Prof. Dr. Michael Pietsch\">mi&#099;hael&#046;piet&#115;&#099;h&#064;au&#103;us&#116;ana&#046;&#100;&#101;<\/a><\/p><\/div>\r\n<div  class='flex_column av-av_two_fifth-1c47c10d9dd6b9bc0b68f292c1cf5942 av_two_fifth flex_column_div  '     ><p> <a title=\"Augustana Hochschule\" href=\"https:\/\/www.augustana.de\">Augustana Hochschule<\/a><br \/>\nWaldstra\u00dfe 11<br \/>\nD-91564 Neuendettelsau <\/p><\/div>\r\n<\/div> <!-- Close staff-member --><\/div> <!-- Close staff-member-listing -->\n","protected":false},"excerpt":{"rendered":"<p>Voulez-vous devenir membre ou avez-vous des questions sur votre adh\u00e9sion? N&#8217;h\u00e9sitez pas \u00e0 nous contacter via le formulaire de contact.\u00a0Nous vous aidons volontiers. L&#8217;adh\u00e9sion \u00e0 la Soci\u00e9t\u00e9 allemande pour l&#8217;exploration de la Palestine commence avec l&#8217;ann\u00e9e civile (aussi r\u00e9troactivement). La cotisation est de 50.00 \u20ac et comprend l&#8217;abonnement du journal \u00abZeitschrift des Deutschen Pal\u00e4stina-Vereins\u00bb (les [&hellip;]<\/p>\n","protected":false},"author":6,"featured_media":0,"parent":0,"menu_order":1,"comment_status":"closed","ping_status":"closed","template":"","meta":{"_bbp_topic_count":0,"_bbp_reply_count":0,"_bbp_total_topic_count":0,"_bbp_total_reply_count":0,"_bbp_voice_count":0,"_bbp_anonymous_reply_count":0,"_bbp_topic_count_hidden":0,"_bbp_reply_count_hidden":0,"_bbp_forum_subforum_count":0,"footnotes":""},"class_list":["post-1103","page","type-page","status-publish","hentry"],"_links":{"self":[{"href":"https:\/\/www.palaestina-verein.de\/wp\/wordpress\/index.php?rest_route=\/wp\/v2\/pages\/1103","targetHints":{"allow":["GET"]}}],"collection":[{"href":"https:\/\/www.palaestina-verein.de\/wp\/wordpress\/index.php?rest_route=\/wp\/v2\/pages"}],"about":[{"href":"https:\/\/www.palaestina-verein.de\/wp\/wordpress\/index.php?rest_route=\/wp\/v2\/types\/page"}],"author":[{"embeddable":true,"href":"https:\/\/www.palaestina-verein.de\/wp\/wordpress\/index.php?rest_route=\/wp\/v2\/users\/6"}],"replies":[{"embeddable":true,"href":"https:\/\/www.palaestina-verein.de\/wp\/wordpress\/index.php?rest_route=%2Fwp%2Fv2%2Fcomments&post=1103"}],"version-history":[{"count":11,"href":"https:\/\/www.palaestina-verein.de\/wp\/wordpress\/index.php?rest_route=\/wp\/v2\/pages\/1103\/revisions"}],"predecessor-version":[{"id":3749,"href":"https:\/\/www.palaestina-verein.de\/wp\/wordpress\/index.php?rest_route=\/wp\/v2\/pages\/1103\/revisions\/3749"}],"wp:attachment":[{"href":"https:\/\/www.palaestina-verein.de\/wp\/wordpress\/index.php?rest_route=%2Fwp%2Fv2%2Fmedia&parent=1103"}],"curies":[{"name":"wp","href":"https:\/\/api.w.org\/{rel}","templated":true}]}}