{"id":169,"date":"2014-06-04T22:33:33","date_gmt":"2014-06-04T22:33:33","guid":{"rendered":"http:\/\/www.palaestina-verein.de\/wp\/wordpress\/?page_id=169"},"modified":"2023-05-15T07:18:31","modified_gmt":"2023-05-15T07:18:31","slug":"mitgliedschaft","status":"publish","type":"page","link":"https:\/\/www.palaestina-verein.de\/wp\/wordpress?page_id=169","title":{"rendered":"Mitgliedschaft"},"content":{"rendered":"<blockquote><p>Sie m\u00f6chten\u00a0Mitglied werden oder Sie haben Fragen zu Ihrer\u00a0Mitgliedschaft? Bitte kontaktieren Sie uns \u00fcber das Kontaktformular. Wir setzen uns gerne mit\u00a0Ihnen\u00a0in Verbindung.<\/p><\/blockquote>\n<p>Wenn Sie Mitglied werden wollen, k\u00f6nnen Sie Ihre Mitgliedschaft jeweils zum Anfang eines Kalenderjahres erkl\u00e4ren. Sie k\u00f6nnen dabei r\u00fcckwirkend oder zum Anfang des kommenden Jahres in den Verein eintreten. Der Mitgliedsbeitrag betr\u00e4gt zur Zeit 50,00 \u20ac. Als Mitglied erhalten sie kostenlos die Zeitschrift des Deutschen Pal\u00e4stina-Vereins (ZDPV; Paare entrichten gemeinsam einen Mitgliederbeitrag von 60,00 \u20ac, wenn sie nur eine Zeitschrift beziehen m\u00f6chten). Wenn Sie r\u00fcckwirkend zum Jahresbeginn eintreten, erhalten Sie alle ZDPV-Lieferungen des betreffenden Jahres.<br \/>\nStudierende haben die M\u00f6glichkeit f\u00fcr maximal f\u00fcnf Jahre mit einem reduzierten Mitgliedsbeitrag von 20,00 \u20ac vollberechtigte Mitglieder des DPV zu werden und erhalten die ZDPV. Sie weisen sich gegen\u00fcber dem Schatzmeister bei der Beantragung der Mitgliedschaft als eingeschriebene Studierende durch entsprechende offizielle Nachweise aus.<\/p>\n<p>F\u00fcr Einzahlungen und \u00dcberweisungen benutzen Sie bitte unsere Bankverbindung (siehe rechte Spalte).<\/p>\n<p>Zum problemlosen Einzug Ihres Mitgliedsbeitrags erteilen Sie am besten dem Verein eine (jederzeit widerrufbare) Einzugserm\u00e4chtigung und senden diese an den Schatzmeister.<\/p>\n<div class=\"staff-member-listing treasurer\"><div class=\"staff-member even  last\">\r\n<div  class='flex_column av-av_one_fifth-2a9015ff38129c418a3f2eafba3e9512 av_one_fifth first flex_column_div  '     ><p> <img decoding=\"async\" class=\"staff-member-photo\" src=\"https:\/\/www.palaestina-verein.de\/wp\/wordpress\/wp-content\/uploads\/photo_2020-08-19_15-42-06.jpg\" alt=\"Prof. Dr. Michael Pietsch : Schatzmeister\"><\/p><\/div>\r\n <div  class='flex_column av-av_two_fifth-1c47c10d9dd6b9bc0b68f292c1cf5942 av_two_fifth flex_column_div  '     ><p> <strong>Prof. Dr. Michael Pietsch<\/strong><br \/>\nSchatzmeister<br \/>\n<a href=\"mailto:&#109;&#105;c&#104;&#097;el.pi&#101;t&#115;ch&#064;a&#117;gus&#116;&#097;&#110;&#097;&#046;d&#101;\" title=\"Email Prof. Dr. Michael Pietsch\">&#109;&#105;c&#104;&#097;el.pi&#101;t&#115;ch&#064;a&#117;gus&#116;&#097;&#110;&#097;&#046;d&#101;<\/a><\/p><\/div>\r\n<div  class='flex_column av-av_two_fifth-1c47c10d9dd6b9bc0b68f292c1cf5942 av_two_fifth flex_column_div  '     ><p> <a title=\"Augustana Hochschule\" href=\"https:\/\/www.augustana.de\">Augustana Hochschule<\/a><br \/>\nWaldstra\u00dfe 11<br \/>\nD-91564 Neuendettelsau <\/p><\/div>\r\n<\/div> <!-- Close staff-member --><\/div> <!-- Close staff-member-listing -->\n","protected":false},"excerpt":{"rendered":"<p>Sie m\u00f6chten\u00a0Mitglied werden oder Sie haben Fragen zu Ihrer\u00a0Mitgliedschaft? Bitte kontaktieren Sie uns \u00fcber das Kontaktformular. Wir setzen uns gerne mit\u00a0Ihnen\u00a0in Verbindung. Wenn Sie Mitglied werden wollen, k\u00f6nnen Sie Ihre Mitgliedschaft jeweils zum Anfang eines Kalenderjahres erkl\u00e4ren. Sie k\u00f6nnen dabei r\u00fcckwirkend oder zum Anfang des kommenden Jahres in den Verein eintreten. Der Mitgliedsbeitrag betr\u00e4gt zur [&hellip;]<\/p>\n","protected":false},"author":6,"featured_media":0,"parent":0,"menu_order":1,"comment_status":"closed","ping_status":"closed","template":"","meta":{"_bbp_topic_count":0,"_bbp_reply_count":0,"_bbp_total_topic_count":0,"_bbp_total_reply_count":0,"_bbp_voice_count":0,"_bbp_anonymous_reply_count":0,"_bbp_topic_count_hidden":0,"_bbp_reply_count_hidden":0,"_bbp_forum_subforum_count":0,"footnotes":""},"class_list":["post-169","page","type-page","status-publish","hentry"],"_links":{"self":[{"href":"https:\/\/www.palaestina-verein.de\/wp\/wordpress\/index.php?rest_route=\/wp\/v2\/pages\/169","targetHints":{"allow":["GET"]}}],"collection":[{"href":"https:\/\/www.palaestina-verein.de\/wp\/wordpress\/index.php?rest_route=\/wp\/v2\/pages"}],"about":[{"href":"https:\/\/www.palaestina-verein.de\/wp\/wordpress\/index.php?rest_route=\/wp\/v2\/types\/page"}],"author":[{"embeddable":true,"href":"https:\/\/www.palaestina-verein.de\/wp\/wordpress\/index.php?rest_route=\/wp\/v2\/users\/6"}],"replies":[{"embeddable":true,"href":"https:\/\/www.palaestina-verein.de\/wp\/wordpress\/index.php?rest_route=%2Fwp%2Fv2%2Fcomments&post=169"}],"version-history":[{"count":41,"href":"https:\/\/www.palaestina-verein.de\/wp\/wordpress\/index.php?rest_route=\/wp\/v2\/pages\/169\/revisions"}],"predecessor-version":[{"id":3837,"href":"https:\/\/www.palaestina-verein.de\/wp\/wordpress\/index.php?rest_route=\/wp\/v2\/pages\/169\/revisions\/3837"}],"wp:attachment":[{"href":"https:\/\/www.palaestina-verein.de\/wp\/wordpress\/index.php?rest_route=%2Fwp%2Fv2%2Fmedia&parent=169"}],"curies":[{"name":"wp","href":"https:\/\/api.w.org\/{rel}","templated":true}]}}