{"id":2271,"date":"2014-12-05T13:03:43","date_gmt":"2014-12-05T13:03:43","guid":{"rendered":"http:\/\/www.palaestina-verein.de\/wp\/wordpress\/?page_id=2271"},"modified":"2014-12-05T13:03:43","modified_gmt":"2014-12-05T13:03:43","slug":"request-for-funding","status":"publish","type":"page","link":"https:\/\/www.palaestina-verein.de\/wp\/wordpress?page_id=2271&lang=en","title":{"rendered":"Request for funding"},"content":{"rendered":"<h5>F\u00f6rderung und Unterst\u00fctzung wissenschaftlicher Pal\u00e4stina-Forschungen durch den Deutschen Verein zur Erforschung Pal\u00e4stinas<\/h5>\n<p>Der Deutsche Verein zur Erforschung Pal\u00e4stinas ( DPV) ist vorbehaltlich seiner finanziellen Situation erneut in der Lage, wissenschaftliche Projekte, die der Vereinssatzung gem\u00e4\u00df der Erforschung Pal\u00e4stinas dienen (wie z. B. Auswertung und Aufarbeitung einer Grabung, Reisekostenzusch\u00fcsse und \u00c4hnliches), zweckgebunden und befristet mittels eines einmaligen Zuschusses bis zu einer H\u00f6he von maximal 10.000,&#8211; Euro pro Jahr zu unterst\u00fctzen. Werden mehrere Antr\u00e4ge bewilligt, k\u00f6nnen die zur Verf\u00fcgung stehenden Mittel aufgeteilt werden. Die Unterst\u00fctzung soll bevorzugt Mitgliedern des Vereins und j\u00fcngeren Forscherinnen und Forschern gew\u00e4hrt werden. \u00dcber die Antr\u00e4ge entscheidet der Vereinsvorstand auf Vorschlag des Vorsitzenden. Der Gerichtsweg ist ausgeschlossen. Wenn die Antragstellenden zu dem gleichen Projekt an anderer Stelle Gelder beantragen oder erhalten, ist dies dem DPV bei der Antragstellung mitzuteilen. Betrifft der Antrag den Teil eines \u00fcbergeordneten Gesamtprojektes, ist das Verh\u00e4ltnis von beantragtem Teil- zum Gesamtprojekt zu erl\u00e4utern. Nach Abschluss des gef\u00f6rderten Projekts sind dem Vorsitzenden ein Kurzbericht \u00fcber die geleistete Arbeit und eine Abrechnung zuzusenden. Gew\u00fcnscht wird eine Publikation des Projektes als Aufsatz oder Kurzbericht in der Zeitschrift des Deutschen Pal\u00e4stina -Vereins (ZDPV), gegebenenfalls auch auf der Homepage des DPV. Schriftliche Antr\u00e4ge mit einer genauen Beschreibung und Begr\u00fcndung des Projektes, Angaben zur Person des Antragstellers (und der am Projekt beteiligten Personen) sowie einer Aufstellung der veranschlagten bzw. beantragten Kosten sind in einem Umfang von maximal 10 DIN-A4-Seiten und in achtfacher Ausfertigung bis zum 25. Oktober 2014 f\u00fcr das Jahr 2015 \u00fcber den Vorsitzenden an den Vorstand zu richten. <div class=\"staff-member-listing president\"><div class=\"staff-member even \">\r\n<div  class='flex_column av-av_one_fifth-2a9015ff38129c418a3f2eafba3e9512 av_one_fifth first flex_column_div  '     ><p> <img decoding=\"async\" class=\"staff-member-photo\" src=\"https:\/\/www.palaestina-verein.de\/wp\/wordpress\/wp-content\/uploads\/kamlah.jpg\" alt=\"Prof. Dr. Jens Kamlah : Vorsitzender, Stellvertretender Schatzmeister\"><\/p><\/div>\r\n <div  class='flex_column av-av_two_fifth-1c47c10d9dd6b9bc0b68f292c1cf5942 av_two_fifth flex_column_div  '     ><p> <strong>Prof. Dr. Jens Kamlah<\/strong><br \/>\nVorsitzender, Stellvertretender Schatzmeister<br \/>\n<a href=\"mailto:je&#110;&#115;.&#107;&#097;ml&#097;h&#064;u&#110;i-t&#117;&#101;bi&#110;g&#101;n&#046;de\" title=\"Email Prof. Dr. Jens Kamlah\">je&#110;&#115;.&#107;&#097;ml&#097;h&#064;u&#110;i-t&#117;&#101;bi&#110;g&#101;n&#046;de<\/a><\/p><\/div>\r\n<div  class='flex_column av-av_two_fifth-1c47c10d9dd6b9bc0b68f292c1cf5942 av_two_fifth flex_column_div  '     ><p> <a title=\"Universit\u00e4t T\u00fcbingen\" href=\"http:\/\/www.uni-tuebingen.de\" target=\"_blank\" rel=\"noopener\">Universit\u00e4t T\u00fcbingen<br \/>\n<\/a>Biblisch-Arch\u00e4ologisches Institut<br \/>\nLiebermeisterstra\u00dfe 12-14<br \/>\nD-72076 T\u00fcbingen<br \/>\nFax: +49\/(0)7071\/29-5433 <\/p><\/div>\r\n<\/div> <!-- Close staff-member --><div class=\"staff-member odd  last\">\r\n<div  class='flex_column av-av_one_fifth-2a9015ff38129c418a3f2eafba3e9512 av_one_fifth first flex_column_div  '     ><p> <img decoding=\"async\" class=\"staff-member-photo\" src=\"https:\/\/www.palaestina-verein.de\/wp\/wordpress\/wp-content\/uploads\/Bild-Schmidt.jpg\" alt=\"Prof. Dr. Katharina Schmidt : Vorsitzende, Internationale Beziehungen\"><\/p><\/div>\r\n <div  class='flex_column av-av_two_fifth-1c47c10d9dd6b9bc0b68f292c1cf5942 av_two_fifth flex_column_div  '     ><p> <strong>Prof. Dr. Katharina Schmidt<\/strong><br \/>\nVorsitzende, Internationale Beziehungen<br \/>\n<a href=\"mailto:k&#097;t&#104;&#097;&#114;&#105;&#110;&#097;sc&#104;&#109;id&#116;&#064;un&#105;-m&#117;&#101;nst&#101;r&#046;&#100;&#101;\" title=\"Email Prof. Dr. Katharina Schmidt\">k&#097;t&#104;&#097;&#114;&#105;&#110;&#097;sc&#104;&#109;id&#116;&#064;un&#105;-m&#117;&#101;nst&#101;r&#046;&#100;&#101;<\/a><\/p><\/div>\r\n<div  class='flex_column av-av_two_fifth-1c47c10d9dd6b9bc0b68f292c1cf5942 av_two_fifth flex_column_div  '     ><p> <a title=\"Deutsches Evangelisches Institut f\u00fcr Altertumswissenschaft des Heiligen Landes Amman\" href=\"https:\/\/www.deiahl.de\">Universtit\u00e4t M\u00fcnster<\/a><br \/>\nJuniorprofessorin f\u00fcr Biblische Arch\u00e4ologie\/ Arch\u00e4ologie der Levante<br \/>\nAlttestamentliches Seminar<br \/>\nUniversit\u00e4tsstr. 13-17<br \/>\n48143 M\u00fcnster<\/p>\n<p><a href=\"https:\/\/www.dainst.org\">Deutsches Arch\u00e4ologisches Institut<\/a><br \/>\nWissenschaftliche Referentin f\u00fcr Biblische Arch\u00e4ologie\/ Arch\u00e4ologie der Levante<br \/>\nPr\u00e4sidialbereich<br \/>\nPodbielskiallee 69-71<br \/>\n14195 Berlin <\/p><\/div>\r\n<\/div> <!-- Close staff-member --><\/div> <!-- Close staff-member-listing --><\/p>\n","protected":false},"excerpt":{"rendered":"<p>F\u00f6rderung und Unterst\u00fctzung wissenschaftlicher Pal\u00e4stina-Forschungen durch den Deutschen Verein zur Erforschung Pal\u00e4stinas Der Deutsche Verein zur Erforschung Pal\u00e4stinas ( DPV) ist vorbehaltlich seiner finanziellen Situation erneut in der Lage, wissenschaftliche Projekte, die der Vereinssatzung gem\u00e4\u00df der Erforschung Pal\u00e4stinas dienen (wie z. B. Auswertung und Aufarbeitung einer Grabung, Reisekostenzusch\u00fcsse und \u00c4hnliches), zweckgebunden und befristet mittels eines [&hellip;]<\/p>\n","protected":false},"author":6,"featured_media":0,"parent":1970,"menu_order":2,"comment_status":"closed","ping_status":"closed","template":"","meta":{"_bbp_topic_count":0,"_bbp_reply_count":0,"_bbp_total_topic_count":0,"_bbp_total_reply_count":0,"_bbp_voice_count":0,"_bbp_anonymous_reply_count":0,"_bbp_topic_count_hidden":0,"_bbp_reply_count_hidden":0,"_bbp_forum_subforum_count":0,"footnotes":""},"class_list":["post-2271","page","type-page","status-publish","hentry"],"_links":{"self":[{"href":"https:\/\/www.palaestina-verein.de\/wp\/wordpress\/index.php?rest_route=\/wp\/v2\/pages\/2271","targetHints":{"allow":["GET"]}}],"collection":[{"href":"https:\/\/www.palaestina-verein.de\/wp\/wordpress\/index.php?rest_route=\/wp\/v2\/pages"}],"about":[{"href":"https:\/\/www.palaestina-verein.de\/wp\/wordpress\/index.php?rest_route=\/wp\/v2\/types\/page"}],"author":[{"embeddable":true,"href":"https:\/\/www.palaestina-verein.de\/wp\/wordpress\/index.php?rest_route=\/wp\/v2\/users\/6"}],"replies":[{"embeddable":true,"href":"https:\/\/www.palaestina-verein.de\/wp\/wordpress\/index.php?rest_route=%2Fwp%2Fv2%2Fcomments&post=2271"}],"version-history":[{"count":1,"href":"https:\/\/www.palaestina-verein.de\/wp\/wordpress\/index.php?rest_route=\/wp\/v2\/pages\/2271\/revisions"}],"predecessor-version":[{"id":2272,"href":"https:\/\/www.palaestina-verein.de\/wp\/wordpress\/index.php?rest_route=\/wp\/v2\/pages\/2271\/revisions\/2272"}],"up":[{"embeddable":true,"href":"https:\/\/www.palaestina-verein.de\/wp\/wordpress\/index.php?rest_route=\/wp\/v2\/pages\/1970"}],"wp:attachment":[{"href":"https:\/\/www.palaestina-verein.de\/wp\/wordpress\/index.php?rest_route=%2Fwp%2Fv2%2Fmedia&parent=2271"}],"curies":[{"name":"wp","href":"https:\/\/api.w.org\/{rel}","templated":true}]}}