{"id":3264,"date":"2018-05-25T09:33:18","date_gmt":"2018-05-25T09:33:18","guid":{"rendered":"http:\/\/www.palaestina-verein.de\/wp\/wordpress?page_id=3264"},"modified":"2025-01-02T09:00:10","modified_gmt":"2025-01-02T09:00:10","slug":"datenschutzerklaerung-stand-25-mai-2018","status":"publish","type":"page","link":"https:\/\/www.palaestina-verein.de\/wp\/wordpress?page_id=3264","title":{"rendered":"Datenschutzerkl\u00e4rung (Stand 25. Mai 2018)"},"content":{"rendered":"<h4>Betreiber<\/h4>\n<p>Der Betreiber dieser Website www.palaestina-verein.de ist der\u00a0Deutsche Verein zur Erforschung Pal\u00e4stinas, repr\u00e4sentiert durch:<\/p>\n\n<style type=\"text\/css\" data-created_by=\"avia_inline_auto\" id=\"style-css-av-90vvwg-45286fca3a3df6621fd0201df9f6bf27\">\n#top .hr.hr-invisible.av-90vvwg-45286fca3a3df6621fd0201df9f6bf27{\nheight:10px;\n}\n<\/style>\n<div  class='hr av-90vvwg-45286fca3a3df6621fd0201df9f6bf27 hr-invisible  avia-builder-el-0  el_before_av_hr  avia-builder-el-first '><span class='hr-inner '><span class=\"hr-inner-style\"><\/span><\/span><\/div>\n<div class=\"staff-member-listing president\"><div class=\"staff-member even \">\r\n<div  class='flex_column av-av_one_fifth-2a9015ff38129c418a3f2eafba3e9512 av_one_fifth first flex_column_div  '     ><p> <img decoding=\"async\" class=\"staff-member-photo\" src=\"https:\/\/www.palaestina-verein.de\/wp\/wordpress\/wp-content\/uploads\/kamlah.jpg\" alt=\"Prof. Dr. Jens Kamlah : Vorsitzender, Stellvertretender Schatzmeister\"><\/p><\/div>\r\n <div  class='flex_column av-av_two_fifth-1c47c10d9dd6b9bc0b68f292c1cf5942 av_two_fifth flex_column_div  '     ><p> <strong>Prof. Dr. Jens Kamlah<\/strong><br \/>\nVorsitzender, Stellvertretender Schatzmeister<br \/>\n<a href=\"mailto:&#106;ens&#046;k&#097;&#109;&#108;a&#104;&#064;&#117;ni&#045;&#116;uebing&#101;n.d&#101;\" title=\"Email Prof. Dr. Jens Kamlah\">&#106;ens&#046;k&#097;&#109;&#108;a&#104;&#064;&#117;ni&#045;&#116;uebing&#101;n.d&#101;<\/a><\/p><\/div>\r\n<div  class='flex_column av-av_two_fifth-1c47c10d9dd6b9bc0b68f292c1cf5942 av_two_fifth flex_column_div  '     ><p> <a title=\"Universit\u00e4t T\u00fcbingen\" href=\"http:\/\/www.uni-tuebingen.de\" target=\"_blank\" rel=\"noopener\">Universit\u00e4t T\u00fcbingen<br \/>\n<\/a>Biblisch-Arch\u00e4ologisches Institut<br \/>\nLiebermeisterstra\u00dfe 12-14<br \/>\nD-72076 T\u00fcbingen<br \/>\nFax: +49\/(0)7071\/29-5433 <\/p><\/div>\r\n<\/div> <!-- Close staff-member --><div class=\"staff-member odd  last\">\r\n<div  class='flex_column av-av_one_fifth-2a9015ff38129c418a3f2eafba3e9512 av_one_fifth first flex_column_div  '     ><p> <img decoding=\"async\" class=\"staff-member-photo\" src=\"https:\/\/www.palaestina-verein.de\/wp\/wordpress\/wp-content\/uploads\/Bild-Schmidt.jpg\" alt=\"Prof. Dr. Katharina Schmidt : Vorsitzende, Internationale Beziehungen\"><\/p><\/div>\r\n <div  class='flex_column av-av_two_fifth-1c47c10d9dd6b9bc0b68f292c1cf5942 av_two_fifth flex_column_div  '     ><p> <strong>Prof. Dr. Katharina Schmidt<\/strong><br \/>\nVorsitzende, Internationale Beziehungen<br \/>\n<a href=\"mailto:kat&#104;ar&#105;na&#115;c&#104;midt&#064;&#117;&#110;i-m&#117;&#101;n&#115;t&#101;&#114;.de\" title=\"Email Prof. Dr. Katharina Schmidt\">kat&#104;ar&#105;na&#115;c&#104;midt&#064;&#117;&#110;i-m&#117;&#101;n&#115;t&#101;&#114;.de<\/a><\/p><\/div>\r\n<div  class='flex_column av-av_two_fifth-1c47c10d9dd6b9bc0b68f292c1cf5942 av_two_fifth flex_column_div  '     ><p> <a title=\"Deutsches Evangelisches Institut f\u00fcr Altertumswissenschaft des Heiligen Landes Amman\" href=\"https:\/\/www.deiahl.de\">Universtit\u00e4t M\u00fcnster<\/a><br \/>\nJuniorprofessorin f\u00fcr Biblische Arch\u00e4ologie\/ Arch\u00e4ologie der Levante<br \/>\nAlttestamentliches Seminar<br \/>\nUniversit\u00e4tsstr. 13-17<br \/>\n48143 M\u00fcnster<\/p>\n<p><a href=\"https:\/\/www.dainst.org\">Deutsches Arch\u00e4ologisches Institut<\/a><br \/>\nWissenschaftliche Referentin f\u00fcr Biblische Arch\u00e4ologie\/ Arch\u00e4ologie der Levante<br \/>\nPr\u00e4sidialbereich<br \/>\nPodbielskiallee 69-71<br \/>\n14195 Berlin <\/p><\/div>\r\n<\/div> <!-- Close staff-member --><\/div> <!-- Close staff-member-listing -->\n\n<style type=\"text\/css\" data-created_by=\"avia_inline_auto\" id=\"style-css-av-7s5di8-602b9d98b7a10136d321ae623a96a634\">\n#top .hr.hr-invisible.av-7s5di8-602b9d98b7a10136d321ae623a96a634{\nheight:10px;\n}\n<\/style>\n<div  class='hr av-7s5di8-602b9d98b7a10136d321ae623a96a634 hr-invisible'><span class='hr-inner '><span class=\"hr-inner-style\"><\/span><\/span><\/div>\n<p>Datenschutzverantwortlicher des Vereins ist:<\/p>\n\n<style type=\"text\/css\" data-created_by=\"avia_inline_auto\" id=\"style-css-av-5cdni8-23e6e27a4a5e46d18fea4e638236cabe\">\n#top .hr.hr-invisible.av-5cdni8-23e6e27a4a5e46d18fea4e638236cabe{\nheight:10px;\n}\n<\/style>\n<div  class='hr av-5cdni8-23e6e27a4a5e46d18fea4e638236cabe hr-invisible'><span class='hr-inner '><span class=\"hr-inner-style\"><\/span><\/span><\/div>\n<div class=\"staff-member-listing membership\"><div class=\"staff-member even  last\">\r\n<div  class='flex_column av-av_one_fifth-2a9015ff38129c418a3f2eafba3e9512 av_one_fifth first flex_column_div  '     ><p> <img decoding=\"async\" class=\"staff-member-photo\" src=\"https:\/\/www.palaestina-verein.de\/wp\/wordpress\/wp-content\/uploads\/stefan_muenger1.jpg\" alt=\"Prof. Dr. Stefan M\u00fcnger : Homepage und Mitgliederbetreuung\"><\/p><\/div>\r\n <div  class='flex_column av-av_two_fifth-1c47c10d9dd6b9bc0b68f292c1cf5942 av_two_fifth flex_column_div  '     ><p> <strong>Prof. Dr. Stefan M\u00fcnger<\/strong><br \/>\nHomepage und Mitgliederbetreuung<br \/>\n<a href=\"mailto:&#115;t&#101;&#102;a&#110;.muen&#103;&#101;&#114;&#064;&#117;ni&#098;e&#046;&#099;&#104;\" title=\"Email Prof. Dr. Stefan M\u00fcnger\">&#115;t&#101;&#102;a&#110;.muen&#103;&#101;&#114;&#064;&#117;ni&#098;e&#046;&#099;&#104;<\/a><\/p><\/div>\r\n<div  class='flex_column av-av_two_fifth-1c47c10d9dd6b9bc0b68f292c1cf5942 av_two_fifth flex_column_div  '     ><p> <a title=\"Universit\u00e4t Bern\" href=\"http:\/\/www.unibe.ch\">Universit\u00e4t Bern<\/a><br \/>\nInstitut f\u00fcr Judaistik<br \/>\nL\u00e4nggassstrasse 51<br \/>\nCH-3012 Bern <\/p><\/div>\r\n<\/div> <!-- Close staff-member --><\/div> <!-- Close staff-member-listing -->\n\n<style type=\"text\/css\" data-created_by=\"avia_inline_auto\" id=\"style-css-av-3xhqfk-a6f3fa331048937beb6974a5fcfc0de2\">\n#top .hr.hr-invisible.av-3xhqfk-a6f3fa331048937beb6974a5fcfc0de2{\nheight:20px;\n}\n<\/style>\n<div  class='hr av-3xhqfk-a6f3fa331048937beb6974a5fcfc0de2 hr-invisible'><span class='hr-inner '><span class=\"hr-inner-style\"><\/span><\/span><\/div>\n<h4>Datenerfassung<\/h4>\n\n<style type=\"text\/css\" data-created_by=\"avia_inline_auto\" id=\"style-css-av-1v8zao-7b1de03332451ad572093cca61c3ec56\">\n#top .hr.hr-invisible.av-1v8zao-7b1de03332451ad572093cca61c3ec56{\nheight:10px;\n}\n<\/style>\n<div  class='hr av-1v8zao-7b1de03332451ad572093cca61c3ec56 hr-invisible'><span class='hr-inner '><span class=\"hr-inner-style\"><\/span><\/span><\/div>\n<h5>Kontaktformulare<\/h5>\n<p>Auf unserer Internetseite werden mehrere Kontaktformulare bereitgestellt, die f\u00fcr die elektronische Kontaktaufnahme genutzt werden. Nimmt ein Nutzer diese M\u00f6glichkeit wahr, so werden die in der Eingabemaske eingegeben Daten an uns \u00fcbermittelt und gespeichert.<\/p>\n<p>Diese Daten sind:<\/p>\n<p>(1) Name<br \/>\n(2) E-Mail-Adresse<br \/>\n(3) Telefonnummer(n)<br \/>\n(4) Postalische Adresse(n)<br \/>\n(5) Mitteilung(n)<\/p>\n<p>Zum Zeitpunkt der Absendung der Nachricht werden zudem folgende Daten gespeichert:<\/p>\n<p>(6) Die IP-Adresse des Nutzers<br \/>\n(7) Datum und Uhrzeit der Registrierung<\/p>\n<p>F\u00fcr die Verarbeitung der Daten wird mit dem Ausl\u00f6sen des Absendevorgangs Ihre Einwilligung eingeholt. Alternativ ist eine Kontaktaufnahme \u00fcber die bereitgestellte E-Mail-Adresse m\u00f6glich. In diesem Fall werden die mit der E-Mail \u00fcbermittelten personenbezogenen Daten des Nutzers gespeichert.<\/p>\n<p>Es erfolgt in diesem Zusammenhang in keinem Fall eine Weitergabe der Daten an Dritte. Die Daten werden ausschlie\u00dflich f\u00fcr die Verarbeitung der Konversation verwendet.<\/p>\n<h5>Cookies<\/h5>\n<p>Wir verwenden zur Bereitstellung dieser Website WordPress und es kann sein, dass Cookies verwendet werden (allgemeine Informationen zu Cookies finden Sie <a href=\"http:\/\/ec.europa.eu\/ipg\/basics\/legal\/cookies\/index_en.htm\">hier<\/a>).<\/p>\n<p>Ebenfalls k\u00f6nnen Beitr\u00e4ge auf dieser Website eingebettete Inhalte beinhalten (z.\u00a0B. Videos, Bilder, Beitr\u00e4ge etc.). Eingebettete Inhalte von anderen Websites verhalten sich exakt so, als ob der Besucher die andere Website besucht h\u00e4tte.\u00a0Diese Websites k\u00f6nnen ihrerseits Daten \u00fcber Sie sammeln, Cookies benutzen, zus\u00e4tzliche Tracking-Dienste von Dritten einbetten und Ihre Interaktion mit diesem eingebetteten Inhalt aufzeichnen.<\/p>\n<h5>Analysedienste<\/h5>\n<p>Wir verwenden derzeit keine Analysedienste.<\/p>\n<h5>Kontakt<\/h5>\n<p>F\u00fcr Fragen und weitere Informationen wenden Sie sich bitte an den <a href=\"mailto:stefan.muenger@theol.unibe.ch\">Datenschutzverantwortlichen<\/a>.<\/p>\n","protected":false},"excerpt":{"rendered":"<p>Betreiber Der Betreiber dieser Website www.palaestina-verein.de ist der\u00a0Deutsche Verein zur Erforschung Pal\u00e4stinas, repr\u00e4sentiert durch: Datenschutzverantwortlicher des Vereins ist: Datenerfassung Kontaktformulare Auf unserer Internetseite werden mehrere Kontaktformulare bereitgestellt, die f\u00fcr die elektronische Kontaktaufnahme genutzt werden. Nimmt ein Nutzer diese M\u00f6glichkeit wahr, so werden die in der Eingabemaske eingegeben Daten an uns \u00fcbermittelt und gespeichert. Diese Daten [&hellip;]<\/p>\n","protected":false},"author":6,"featured_media":0,"parent":0,"menu_order":0,"comment_status":"closed","ping_status":"closed","template":"","meta":{"_bbp_topic_count":0,"_bbp_reply_count":0,"_bbp_total_topic_count":0,"_bbp_total_reply_count":0,"_bbp_voice_count":0,"_bbp_anonymous_reply_count":0,"_bbp_topic_count_hidden":0,"_bbp_reply_count_hidden":0,"_bbp_forum_subforum_count":0,"footnotes":""},"class_list":["post-3264","page","type-page","status-publish","hentry"],"_links":{"self":[{"href":"https:\/\/www.palaestina-verein.de\/wp\/wordpress\/index.php?rest_route=\/wp\/v2\/pages\/3264","targetHints":{"allow":["GET"]}}],"collection":[{"href":"https:\/\/www.palaestina-verein.de\/wp\/wordpress\/index.php?rest_route=\/wp\/v2\/pages"}],"about":[{"href":"https:\/\/www.palaestina-verein.de\/wp\/wordpress\/index.php?rest_route=\/wp\/v2\/types\/page"}],"author":[{"embeddable":true,"href":"https:\/\/www.palaestina-verein.de\/wp\/wordpress\/index.php?rest_route=\/wp\/v2\/users\/6"}],"replies":[{"embeddable":true,"href":"https:\/\/www.palaestina-verein.de\/wp\/wordpress\/index.php?rest_route=%2Fwp%2Fv2%2Fcomments&post=3264"}],"version-history":[{"count":12,"href":"https:\/\/www.palaestina-verein.de\/wp\/wordpress\/index.php?rest_route=\/wp\/v2\/pages\/3264\/revisions"}],"predecessor-version":[{"id":4056,"href":"https:\/\/www.palaestina-verein.de\/wp\/wordpress\/index.php?rest_route=\/wp\/v2\/pages\/3264\/revisions\/4056"}],"wp:attachment":[{"href":"https:\/\/www.palaestina-verein.de\/wp\/wordpress\/index.php?rest_route=%2Fwp%2Fv2%2Fmedia&parent=3264"}],"curies":[{"name":"wp","href":"https:\/\/api.w.org\/{rel}","templated":true}]}}