{"id":3278,"date":"2018-05-25T09:33:20","date_gmt":"2018-05-25T09:33:20","guid":{"rendered":"http:\/\/www.palaestina-verein.de\/wp\/wordpress?page_id=3278"},"modified":"2025-01-02T09:03:13","modified_gmt":"2025-01-02T09:03:13","slug":"datenschutzerklaerung-stand-25-mai-2018","status":"publish","type":"page","link":"https:\/\/www.palaestina-verein.de\/wp\/wordpress?page_id=3278&lang=fr","title":{"rendered":"Politique de confidentialit\u00e9"},"content":{"rendered":"<h4>Op\u00e9rateur<\/h4>\n<p>L&#8217;op\u00e9rateur de ce site web www.palaestina-verein.de est la Soci\u00e9t\u00e9 Allemande pour l&#8217;Exploration de la Palestine, repr\u00e9sent\u00e9e par<\/p>\n\n<style type=\"text\/css\" data-created_by=\"avia_inline_auto\" id=\"style-css-av-90vvwg-45286fca3a3df6621fd0201df9f6bf27\">\n#top .hr.hr-invisible.av-90vvwg-45286fca3a3df6621fd0201df9f6bf27{\nheight:10px;\n}\n<\/style>\n<div  class='hr av-90vvwg-45286fca3a3df6621fd0201df9f6bf27 hr-invisible  avia-builder-el-0  el_before_av_hr  avia-builder-el-first '><span class='hr-inner '><span class=\"hr-inner-style\"><\/span><\/span><\/div>\n<div class=\"staff-member-listing president\"><div class=\"staff-member even \">\r\n<div  class='flex_column av-av_one_fifth-2a9015ff38129c418a3f2eafba3e9512 av_one_fifth first flex_column_div  '     ><p> <img decoding=\"async\" class=\"staff-member-photo\" src=\"https:\/\/www.palaestina-verein.de\/wp\/wordpress\/wp-content\/uploads\/kamlah.jpg\" alt=\"Prof. Dr. Jens Kamlah : Vorsitzender, Stellvertretender Schatzmeister\"><\/p><\/div>\r\n <div  class='flex_column av-av_two_fifth-1c47c10d9dd6b9bc0b68f292c1cf5942 av_two_fifth flex_column_div  '     ><p> <strong>Prof. Dr. Jens Kamlah<\/strong><br \/>\nVorsitzender, Stellvertretender Schatzmeister<br \/>\n<a href=\"mailto:je&#110;s.&#107;&#097;mla&#104;&#064;&#117;ni-&#116;&#117;eb&#105;n&#103;&#101;&#110;&#046;&#100;e\" title=\"Email Prof. Dr. Jens Kamlah\">je&#110;s.&#107;&#097;mla&#104;&#064;&#117;ni-&#116;&#117;eb&#105;n&#103;&#101;&#110;&#046;&#100;e<\/a><\/p><\/div>\r\n<div  class='flex_column av-av_two_fifth-1c47c10d9dd6b9bc0b68f292c1cf5942 av_two_fifth flex_column_div  '     ><p> <a title=\"Universit\u00e4t T\u00fcbingen\" href=\"http:\/\/www.uni-tuebingen.de\" target=\"_blank\" rel=\"noopener\">Universit\u00e4t T\u00fcbingen<br \/>\n<\/a>Biblisch-Arch\u00e4ologisches Institut<br \/>\nLiebermeisterstra\u00dfe 12-14<br \/>\nD-72076 T\u00fcbingen<br \/>\nFax: +49\/(0)7071\/29-5433 <\/p><\/div>\r\n<\/div> <!-- Close staff-member --><div class=\"staff-member odd  last\">\r\n<div  class='flex_column av-av_one_fifth-2a9015ff38129c418a3f2eafba3e9512 av_one_fifth first flex_column_div  '     ><p> <img decoding=\"async\" class=\"staff-member-photo\" src=\"https:\/\/www.palaestina-verein.de\/wp\/wordpress\/wp-content\/uploads\/Bild-Schmidt.jpg\" alt=\"Prof. Dr. Katharina Schmidt : Vorsitzende, Internationale Beziehungen\"><\/p><\/div>\r\n <div  class='flex_column av-av_two_fifth-1c47c10d9dd6b9bc0b68f292c1cf5942 av_two_fifth flex_column_div  '     ><p> <strong>Prof. Dr. Katharina Schmidt<\/strong><br \/>\nVorsitzende, Internationale Beziehungen<br \/>\n<a href=\"mailto:k&#097;th&#097;r&#105;&#110;a&#115;chm&#105;&#100;t&#064;&#117;n&#105;&#045;m&#117;en&#115;te&#114;&#046;&#100;&#101;\" title=\"Email Prof. Dr. Katharina Schmidt\">k&#097;th&#097;r&#105;&#110;a&#115;chm&#105;&#100;t&#064;&#117;n&#105;&#045;m&#117;en&#115;te&#114;&#046;&#100;&#101;<\/a><\/p><\/div>\r\n<div  class='flex_column av-av_two_fifth-1c47c10d9dd6b9bc0b68f292c1cf5942 av_two_fifth flex_column_div  '     ><p> <a title=\"Deutsches Evangelisches Institut f\u00fcr Altertumswissenschaft des Heiligen Landes Amman\" href=\"https:\/\/www.deiahl.de\">Universtit\u00e4t M\u00fcnster<\/a><br \/>\nJuniorprofessorin f\u00fcr Biblische Arch\u00e4ologie\/ Arch\u00e4ologie der Levante<br \/>\nAlttestamentliches Seminar<br \/>\nUniversit\u00e4tsstr. 13-17<br \/>\n48143 M\u00fcnster<\/p>\n<p><a href=\"https:\/\/www.dainst.org\">Deutsches Arch\u00e4ologisches Institut<\/a><br \/>\nWissenschaftliche Referentin f\u00fcr Biblische Arch\u00e4ologie\/ Arch\u00e4ologie der Levante<br \/>\nPr\u00e4sidialbereich<br \/>\nPodbielskiallee 69-71<br \/>\n14195 Berlin <\/p><\/div>\r\n<\/div> <!-- Close staff-member --><\/div> <!-- Close staff-member-listing -->\n\n<style type=\"text\/css\" data-created_by=\"avia_inline_auto\" id=\"style-css-av-7s5di8-602b9d98b7a10136d321ae623a96a634\">\n#top .hr.hr-invisible.av-7s5di8-602b9d98b7a10136d321ae623a96a634{\nheight:10px;\n}\n<\/style>\n<div  class='hr av-7s5di8-602b9d98b7a10136d321ae623a96a634 hr-invisible'><span class='hr-inner '><span class=\"hr-inner-style\"><\/span><\/span><\/div>\n<p>Le responsable de la protection des donn\u00e9es de la soci\u00e9t\u00e9 est<\/p>\n\n<style type=\"text\/css\" data-created_by=\"avia_inline_auto\" id=\"style-css-av-5cdni8-23e6e27a4a5e46d18fea4e638236cabe\">\n#top .hr.hr-invisible.av-5cdni8-23e6e27a4a5e46d18fea4e638236cabe{\nheight:10px;\n}\n<\/style>\n<div  class='hr av-5cdni8-23e6e27a4a5e46d18fea4e638236cabe hr-invisible'><span class='hr-inner '><span class=\"hr-inner-style\"><\/span><\/span><\/div>\n<div class=\"staff-member-listing membership\"><div class=\"staff-member even  last\">\r\n<div  class='flex_column av-av_one_fifth-2a9015ff38129c418a3f2eafba3e9512 av_one_fifth first flex_column_div  '     ><p> <img decoding=\"async\" class=\"staff-member-photo\" src=\"https:\/\/www.palaestina-verein.de\/wp\/wordpress\/wp-content\/uploads\/stefan_muenger1.jpg\" alt=\"Prof. Dr. Stefan M\u00fcnger : Homepage und Mitgliederbetreuung\"><\/p><\/div>\r\n <div  class='flex_column av-av_two_fifth-1c47c10d9dd6b9bc0b68f292c1cf5942 av_two_fifth flex_column_div  '     ><p> <strong>Prof. Dr. Stefan M\u00fcnger<\/strong><br \/>\nHomepage und Mitgliederbetreuung<br \/>\n<a href=\"mailto:stefa&#110;.m&#117;&#101;&#110;ger&#064;u&#110;&#105;&#098;&#101;&#046;&#099;&#104;\" title=\"Email Prof. Dr. Stefan M\u00fcnger\">stefa&#110;.m&#117;&#101;&#110;ger&#064;u&#110;&#105;&#098;&#101;&#046;&#099;&#104;<\/a><\/p><\/div>\r\n<div  class='flex_column av-av_two_fifth-1c47c10d9dd6b9bc0b68f292c1cf5942 av_two_fifth flex_column_div  '     ><p> <a title=\"Universit\u00e4t Bern\" href=\"http:\/\/www.unibe.ch\">Universit\u00e4t Bern<\/a><br \/>\nInstitut f\u00fcr Judaistik<br \/>\nL\u00e4nggassstrasse 51<br \/>\nCH-3012 Bern <\/p><\/div>\r\n<\/div> <!-- Close staff-member --><\/div> <!-- Close staff-member-listing -->\n\n<style type=\"text\/css\" data-created_by=\"avia_inline_auto\" id=\"style-css-av-3xhqfk-a6f3fa331048937beb6974a5fcfc0de2\">\n#top .hr.hr-invisible.av-3xhqfk-a6f3fa331048937beb6974a5fcfc0de2{\nheight:20px;\n}\n<\/style>\n<div  class='hr av-3xhqfk-a6f3fa331048937beb6974a5fcfc0de2 hr-invisible'><span class='hr-inner '><span class=\"hr-inner-style\"><\/span><\/span><\/div>\n<h4>Collecte de donn\u00e9es<\/h4>\n\n<style type=\"text\/css\" data-created_by=\"avia_inline_auto\" id=\"style-css-av-1v8zao-7b1de03332451ad572093cca61c3ec56\">\n#top .hr.hr-invisible.av-1v8zao-7b1de03332451ad572093cca61c3ec56{\nheight:10px;\n}\n<\/style>\n<div  class='hr av-1v8zao-7b1de03332451ad572093cca61c3ec56 hr-invisible'><span class='hr-inner '><span class=\"hr-inner-style\"><\/span><\/span><\/div>\n<h5>Formulaires de contact<\/h5>\n<p>Sur notre site internet, plusieurs formulaires de contact sont mis \u00e0 disposition pour une prise de contact \u00e9lectronique. Si un utilisateur utilise cette option, les donn\u00e9es saisies dans le formulaire seront transmises et stock\u00e9es.<\/p>\n<p>Ces donn\u00e9es comprennent\u00a0:<\/p>\n<p>(1) Nom<br \/>\n(2) Adresse e-mail<br \/>\n(3) Num\u00e9ro(s) de t\u00e9l\u00e9phone<br \/>\n(4) Adresse(s) postale(s)<br \/>\n(5) Message(s)  <\/p>\n<p>Au moment de l&#8217;envoi du message, les donn\u00e9es suivantes sont \u00e9galement enregistr\u00e9es\u00a0:<\/p>\n<p>(6) L&#8217;adresse IP de l&#8217;utilisateur<br \/>\n(7) Date et heure de l&#8217;envoi  <\/p>\n<p>Votre consentement pour le traitement des donn\u00e9es sera obtenu au moment de l&#8217;envoi du formulaire. Alternativement, il est possible de nous contacter via l&#8217;adresse e-mail fournie. Dans ce cas, les donn\u00e9es personnelles transmises avec l&#8217;e-mail seront \u00e9galement stock\u00e9es.<\/p>\n<p>Dans ce contexte, les donn\u00e9es ne seront en aucun cas transmises \u00e0 des tiers. Les donn\u00e9es sont utilis\u00e9es exclusivement pour le traitement de la conversation.<\/p>\n<h5>Cookies<\/h5>\n<p>Nous utilisons WordPress pour fournir ce site web, et il est possible que des cookies soient utilis\u00e9s (vous pouvez trouver des informations g\u00e9n\u00e9rales sur les cookies <a href=\"http:\/\/ec.europa.eu\/ipg\/basics\/legal\/cookies\/index_en.htm\">ici<\/a>).<\/p>\n<p>De plus, les publications sur ce site peuvent inclure du contenu int\u00e9gr\u00e9 (par exemple, vid\u00e9os, images, publications, etc.). Le contenu int\u00e9gr\u00e9 provenant d&#8217;autres sites web se comporte exactement comme si le visiteur avait visit\u00e9 l&#8217;autre site web. Ces sites peuvent collecter des donn\u00e9es vous concernant, utiliser des cookies, int\u00e9grer des services de suivi tiers suppl\u00e9mentaires et enregistrer vos interactions avec le contenu int\u00e9gr\u00e9.<\/p>\n<h5>Services d&#8217;analyse<\/h5>\n<p>Nous n&#8217;utilisons actuellement aucun service d&#8217;analyse.<\/p>\n<h5>Contact<\/h5>\n<p>Pour toute question ou information suppl\u00e9mentaire, veuillez contacter le <a href=\"mailto:stefan.muenger@theol.unibe.ch\">responsable de la protection des donn\u00e9es<\/a>.<\/p>\n","protected":false},"excerpt":{"rendered":"<p>Op\u00e9rateur L&#8217;op\u00e9rateur de ce site web www.palaestina-verein.de est la Soci\u00e9t\u00e9 Allemande pour l&#8217;Exploration de la Palestine, repr\u00e9sent\u00e9e par Le responsable de la protection des donn\u00e9es de la soci\u00e9t\u00e9 est Collecte de donn\u00e9es Formulaires de contact Sur notre site internet, plusieurs formulaires de contact sont mis \u00e0 disposition pour une prise de contact \u00e9lectronique. Si un [&hellip;]<\/p>\n","protected":false},"author":6,"featured_media":0,"parent":0,"menu_order":0,"comment_status":"closed","ping_status":"closed","template":"","meta":{"_bbp_topic_count":0,"_bbp_reply_count":0,"_bbp_total_topic_count":0,"_bbp_total_reply_count":0,"_bbp_voice_count":0,"_bbp_anonymous_reply_count":0,"_bbp_topic_count_hidden":0,"_bbp_reply_count_hidden":0,"_bbp_forum_subforum_count":0,"footnotes":""},"class_list":["post-3278","page","type-page","status-publish","hentry"],"_links":{"self":[{"href":"https:\/\/www.palaestina-verein.de\/wp\/wordpress\/index.php?rest_route=\/wp\/v2\/pages\/3278","targetHints":{"allow":["GET"]}}],"collection":[{"href":"https:\/\/www.palaestina-verein.de\/wp\/wordpress\/index.php?rest_route=\/wp\/v2\/pages"}],"about":[{"href":"https:\/\/www.palaestina-verein.de\/wp\/wordpress\/index.php?rest_route=\/wp\/v2\/types\/page"}],"author":[{"embeddable":true,"href":"https:\/\/www.palaestina-verein.de\/wp\/wordpress\/index.php?rest_route=\/wp\/v2\/users\/6"}],"replies":[{"embeddable":true,"href":"https:\/\/www.palaestina-verein.de\/wp\/wordpress\/index.php?rest_route=%2Fwp%2Fv2%2Fcomments&post=3278"}],"version-history":[{"count":8,"href":"https:\/\/www.palaestina-verein.de\/wp\/wordpress\/index.php?rest_route=\/wp\/v2\/pages\/3278\/revisions"}],"predecessor-version":[{"id":4058,"href":"https:\/\/www.palaestina-verein.de\/wp\/wordpress\/index.php?rest_route=\/wp\/v2\/pages\/3278\/revisions\/4058"}],"wp:attachment":[{"href":"https:\/\/www.palaestina-verein.de\/wp\/wordpress\/index.php?rest_route=%2Fwp%2Fv2%2Fmedia&parent=3278"}],"curies":[{"name":"wp","href":"https:\/\/api.w.org\/{rel}","templated":true}]}}