{"id":917,"date":"2014-09-22T14:48:34","date_gmt":"2014-09-22T14:48:34","guid":{"rendered":"http:\/\/www.palaestina-verein.de\/wp\/wordpress\/?page_id=917"},"modified":"2015-02-02T13:03:57","modified_gmt":"2015-02-02T13:03:57","slug":"der-verein","status":"publish","type":"page","link":"https:\/\/www.palaestina-verein.de\/wp\/wordpress?page_id=917","title":{"rendered":"Der Verein"},"content":{"rendered":"<div id=\"attachment_2777\" style=\"width: 1510px\" class=\"wp-caption aligncenter\"><a href=\"https:\/\/www.palaestina-verein.de\/wp\/wordpress\/wp-content\/uploads\/Jerusalem_1500x430.jpg\"><img loading=\"lazy\" decoding=\"async\" aria-describedby=\"caption-attachment-2777\" class=\"size-featured wp-image-2777\" src=\"https:\/\/www.palaestina-verein.de\/wp\/wordpress\/wp-content\/uploads\/Jerusalem_1500x430-1500x430.jpg\" alt=\"Blick \u00fcber die Altstadt Jerusalems (photographiert von D. Kessi).\" width=\"1500\" height=\"430\" srcset=\"https:\/\/www.palaestina-verein.de\/wp\/wordpress\/wp-content\/uploads\/Jerusalem_1500x430.jpg 1500w, https:\/\/www.palaestina-verein.de\/wp\/wordpress\/wp-content\/uploads\/Jerusalem_1500x430-300x86.jpg 300w, https:\/\/www.palaestina-verein.de\/wp\/wordpress\/wp-content\/uploads\/Jerusalem_1500x430-1030x295.jpg 1030w, https:\/\/www.palaestina-verein.de\/wp\/wordpress\/wp-content\/uploads\/Jerusalem_1500x430-705x202.jpg 705w, https:\/\/www.palaestina-verein.de\/wp\/wordpress\/wp-content\/uploads\/Jerusalem_1500x430-450x129.jpg 450w\" sizes=\"auto, (max-width: 1500px) 100vw, 1500px\" \/><\/a><p id=\"caption-attachment-2777\" class=\"wp-caption-text\">Blick \u00fcber die Altstadt Jerusalems (photographiert von D. Kessi).<\/p><\/div>\n<blockquote><p>Die wissenschaftliche Erforschung der Geschichte und Kultur Pal\u00e4stinas, insbesondere seiner biblischen Vergangenheit, ist das Ziel, das sich der Deutsche Verein zur Erforschung Pal\u00e4stinas seit seiner Gr\u00fcndung im Jahr 1877 gesteckt hat.<\/p><\/blockquote>\n<div id=\"attachment_1825\" style=\"width: 190px\" class=\"wp-caption alignright\"><a href=\"https:\/\/www.palaestina-verein.de\/wp\/wordpress\/wp-content\/uploads\/socin.jpg\"><img loading=\"lazy\" decoding=\"async\" aria-describedby=\"caption-attachment-1825\" class=\"wp-image-1825 size-square\" src=\"https:\/\/www.palaestina-verein.de\/wp\/wordpress\/wp-content\/uploads\/socin-e1415801835221-180x180.jpg\" alt=\"Albert Socin (1844-1899)\" width=\"180\" height=\"180\" \/><\/a><p id=\"caption-attachment-1825\" class=\"wp-caption-text\">Albert Socin (1844-1899)<\/p><\/div>\n<p>Zu diesem Zweck bringt der Verein die an diesem Zweck interessierten Personen zusammen und macht die Ergebnisse der Pal\u00e4stinaforschung weiteren Kreisen zug\u00e4nglich. Alle zwei Jahre findet eine <a title=\"Wissenschaftliches Kolloquium, 14.-16.11.2014\" href=\"https:\/\/www.palaestina-verein.de\/wp\/wordpress?p=985\">Mitgliederversammlung<\/a> statt. Diese ist mit einem Kolloquium verbunden, dessen Thema die Mitglieder selbst bestimmen. Mit wissenschaftlichen Vortr\u00e4gen und Diskussionen sowie vielen Gespr\u00e4chsm\u00f6glichkeiten sind diese Treffen ein Forum, das der gegenseitigen Information dient. Die Programme der vergangenen Kolloquien des DPV k\u00f6nnen Sie hier einsehen.<br \/>\nJ\u00e4hrlich gibt der Verein die <a title=\"Zeitschrift des Deutschen Pal\u00e4stina-Vereins\" href=\"https:\/\/www.palaestina-verein.de\/wp\/wordpress?page_id=452\">Zeitschrift des Deutschen Pal\u00e4stina-Vereins<\/a> heraus, die seine Mitglieder kostenlos erhalten. Die Aufs\u00e4tze widmen sich arch\u00e4ologischen, topographischen, ikonographischen, religionswissenschaftlichen, ethnologischen, philologischen und literarischen Themen der Geschichte und Kultur Pal\u00e4stinas. Buchbesprechungen und Mitteilungen, die f\u00fcr die Mitglieder von Interesse sind, kommen hinzu.<\/p>\n<p>Seit 1969 f\u00f6rdert und betreut der Verein die <a title=\"Abhandlungen des Deutschen Pal\u00e4stina-Vereins\" href=\"https:\/\/www.palaestina-verein.de\/wp\/wordpress?page_id=469\">Abhandlungen des Deutschen Pal\u00e4stina-Vereins<\/a>, die in unregelm\u00e4\u00dfigen Abst\u00e4nden erscheinen und sich in Form von Monographien mit derselben Thematik wie die Zeitschrift befassen.<\/p>\n<p>Der Verein unterh\u00e4lt st\u00e4ndige Kontakte mit anderen, \u00e4hnlich ausgerichteten Vereinen und Institutionen. Auf dieser Grundlage ist eine <a title=\"Die Bibliothek\" href=\"https:\/\/www.palaestina-verein.de\/wp\/wordpress?page_id=966\">Austauschbibliothek<\/a> entstanden, die vor allem Zeitschriften zur Pal\u00e4stinaforschung und ihr nahestehenden Disziplinen enth\u00e4lt. Sie steht allen Mitgliedern zur Verf\u00fcgung.<\/p>\n<div id=\"attachment_1815\" style=\"width: 190px\" class=\"wp-caption alignright\"><a href=\"https:\/\/www.palaestina-verein.de\/wp\/wordpress\/wp-content\/uploads\/schumacher.jpg\"><img loading=\"lazy\" decoding=\"async\" aria-describedby=\"caption-attachment-1815\" class=\"wp-image-1815 size-square\" src=\"https:\/\/www.palaestina-verein.de\/wp\/wordpress\/wp-content\/uploads\/schumacher-e1415808288907-180x180.jpg\" alt=\"Gottlieb Schumacher (1857-1926)\" width=\"180\" height=\"180\" srcset=\"https:\/\/www.palaestina-verein.de\/wp\/wordpress\/wp-content\/uploads\/schumacher-e1415808288907-180x180.jpg 180w, https:\/\/www.palaestina-verein.de\/wp\/wordpress\/wp-content\/uploads\/schumacher-e1415808288907-80x80.jpg 80w, https:\/\/www.palaestina-verein.de\/wp\/wordpress\/wp-content\/uploads\/schumacher-e1415808288907-300x300.jpg 300w, https:\/\/www.palaestina-verein.de\/wp\/wordpress\/wp-content\/uploads\/schumacher-e1415808288907-36x36.jpg 36w, https:\/\/www.palaestina-verein.de\/wp\/wordpress\/wp-content\/uploads\/schumacher-e1415808288907-120x120.jpg 120w, https:\/\/www.palaestina-verein.de\/wp\/wordpress\/wp-content\/uploads\/schumacher-e1415808288907.jpg 350w\" sizes=\"auto, (max-width: 180px) 100vw, 180px\" \/><\/a><p id=\"caption-attachment-1815\" class=\"wp-caption-text\">Gottlieb Schumacher (1857-1926)<\/p><\/div>\n<p>Der Deutsche Verein zur Erforschung Pal\u00e4stinas entstand am 28. September 1877 auf Initiative von C. Zimmermann, Basel, A. Socin, T\u00fcbingen, und E. Kautzsch, Basel. Die Mitgliederzahl wuchs rasch an, da der Verein erstmals die deutschsprachige Pal\u00e4stinaforschung zusammenschlo\u00df und dabei die Mitgliedschaft weder durch politische Grenzen noch durch konfessionelle Unterschiede einengte. Dank seiner positiven Entwicklung konnte der Verein neben publikatorischen T\u00e4tigkeiten eine Pal\u00e4stinabibliothek aufbauen und \u00fcber einen Expeditionsfonds verschiedene Projekte in Pal\u00e4stina f\u00f6rdern oder selbst ausf\u00fchren. Die Bergung der Siloah-Inschrift (C. Schick), Ausgrabungen in Jerusalem (H. Guthe) und Megiddo (Tell el-Mutesellim, G. Schumacher und C. Watzinger), zahlreiche topographische und ethnologische Untersuchungen konnten so stattfinden und ver\u00f6ffentlicht werden.<\/p>\n<div id=\"attachment_1820\" style=\"width: 190px\" class=\"wp-caption alignright\"><a href=\"https:\/\/www.palaestina-verein.de\/wp\/wordpress\/wp-content\/uploads\/noth.jpg\"><img loading=\"lazy\" decoding=\"async\" aria-describedby=\"caption-attachment-1820\" class=\"wp-image-1820 size-square\" src=\"https:\/\/www.palaestina-verein.de\/wp\/wordpress\/wp-content\/uploads\/noth-e1415808396804-180x180.jpg\" alt=\"Martin Noth (1902-1968)\" width=\"180\" height=\"180\" \/><\/a><p id=\"caption-attachment-1820\" class=\"wp-caption-text\">Martin Noth (1902-1968)<\/p><\/div>\n<p>Ethnologische und Arch\u00e4ologische Sammlungen, die der Verein auf diesem Wege anlegte, wurden am 4. Dezember 1943 in Leipzig zusammen mit der Vereinsbibliothek vernichtet. Unter schwierigen Bedingungen konnte M. Noth 1944\/45 noch Band 67 der Zeitschrift herausgeben, danach wurde die Ver\u00f6ffentlichung eingestellt, der Verein 1949 aufgel\u00f6st. Die bis zur Neugr\u00fcndung des Vereins am 31. Juli 1952 entstandene Pause wurde durch die als Band 68 der Zeitschrift gez\u00e4hlten Beitr\u00e4ge zur biblischen Landes- und Altertumskunde (1949-1951) nur zum Teil \u00fcberbr\u00fcckt. Ab 1953 erschien die Zeitschrift mit Band 69 dann wieder regelm\u00e4\u00dfig und unter ihrem alten Namen.<br \/>\nSie blieb ihrer urspr\u00fcnglichen &#8222;deutschsprachigen Tradition&#8220; verbunden, erhielt aber bald zus\u00e4tzlich durch Beitr\u00e4ge in englischer und franz\u00f6sischer Sprache einen &#8222;internationalen&#8220; Charakter. Darin spiegelt sich die Entwicklung des Vereins wieder, der unter dem Vorsitz von M. Noth, O. Pl\u00f6ger, H. Donner, H. Weippert und U. H\u00fcbner zahlreiche Mitglieder im In- und Ausland gewann.<\/p>\n<p>Entsprechend der Zielsetzung seiner Gr\u00fcndungsmitglieder ist der Deutsche Verein zur Erforschung Pal\u00e4stinas auch heute darum bem\u00fcht, die Kenntnis der Geschichte und Kultur Pal\u00e4stinas zu f\u00f6rdern und zu verbreiten. Wir wenden uns daher an alle interessierten Personen und Institutionen und bitten darum, den Verein durch ihre Mitgliedschaft zu unterst\u00fctzen.<\/p>\n<div class=\"staff-member-listing president\"><div class=\"staff-member even \">\r\n<div  class='flex_column av-av_one_fifth-2a9015ff38129c418a3f2eafba3e9512 av_one_fifth first flex_column_div  '     ><p> <img decoding=\"async\" class=\"staff-member-photo\" src=\"https:\/\/www.palaestina-verein.de\/wp\/wordpress\/wp-content\/uploads\/kamlah.jpg\" alt=\"Prof. Dr. Jens Kamlah : Vorsitzender, Stellvertretender Schatzmeister\"><\/p><\/div>\r\n <div  class='flex_column av-av_two_fifth-1c47c10d9dd6b9bc0b68f292c1cf5942 av_two_fifth flex_column_div  '     ><p> <strong>Prof. Dr. Jens Kamlah<\/strong><br \/>\nVorsitzender, Stellvertretender Schatzmeister<br \/>\n<a href=\"mailto:j&#101;n&#115;&#046;&#107;am&#108;&#097;h&#064;un&#105;-&#116;&#117;&#101;b&#105;&#110;&#103;&#101;&#110;&#046;de\" title=\"Email Prof. Dr. Jens Kamlah\">j&#101;n&#115;&#046;&#107;am&#108;&#097;h&#064;un&#105;-&#116;&#117;&#101;b&#105;&#110;&#103;&#101;&#110;&#046;de<\/a><\/p><\/div>\r\n<div  class='flex_column av-av_two_fifth-1c47c10d9dd6b9bc0b68f292c1cf5942 av_two_fifth flex_column_div  '     ><p> <a title=\"Universit\u00e4t T\u00fcbingen\" href=\"http:\/\/www.uni-tuebingen.de\" target=\"_blank\" rel=\"noopener\">Universit\u00e4t T\u00fcbingen<br \/>\n<\/a>Biblisch-Arch\u00e4ologisches Institut<br \/>\nLiebermeisterstra\u00dfe 12-14<br \/>\nD-72076 T\u00fcbingen<br \/>\nFax: +49\/(0)7071\/29-5433 <\/p><\/div>\r\n<\/div> <!-- Close staff-member --><div class=\"staff-member odd  last\">\r\n<div  class='flex_column av-av_one_fifth-2a9015ff38129c418a3f2eafba3e9512 av_one_fifth first flex_column_div  '     ><p> <img decoding=\"async\" class=\"staff-member-photo\" src=\"https:\/\/www.palaestina-verein.de\/wp\/wordpress\/wp-content\/uploads\/Bild-Schmidt.jpg\" alt=\"Prof. Dr. Katharina Schmidt : Vorsitzende, Internationale Beziehungen\"><\/p><\/div>\r\n <div  class='flex_column av-av_two_fifth-1c47c10d9dd6b9bc0b68f292c1cf5942 av_two_fifth flex_column_div  '     ><p> <strong>Prof. Dr. Katharina Schmidt<\/strong><br \/>\nVorsitzende, Internationale Beziehungen<br \/>\n<a href=\"mailto:&#107;a&#116;h&#097;r&#105;&#110;as&#099;hmi&#100;&#116;&#064;&#117;ni&#045;&#109;&#117;enst&#101;r&#046;&#100;e\" title=\"Email Prof. Dr. Katharina Schmidt\">&#107;a&#116;h&#097;r&#105;&#110;as&#099;hmi&#100;&#116;&#064;&#117;ni&#045;&#109;&#117;enst&#101;r&#046;&#100;e<\/a><\/p><\/div>\r\n<div  class='flex_column av-av_two_fifth-1c47c10d9dd6b9bc0b68f292c1cf5942 av_two_fifth flex_column_div  '     ><p> <a title=\"Deutsches Evangelisches Institut f\u00fcr Altertumswissenschaft des Heiligen Landes Amman\" href=\"https:\/\/www.deiahl.de\">Universtit\u00e4t M\u00fcnster<\/a><br \/>\nJuniorprofessorin f\u00fcr Biblische Arch\u00e4ologie\/ Arch\u00e4ologie der Levante<br \/>\nAlttestamentliches Seminar<br \/>\nUniversit\u00e4tsstr. 13-17<br \/>\n48143 M\u00fcnster<\/p>\n<p><a href=\"https:\/\/www.dainst.org\">Deutsches Arch\u00e4ologisches Institut<\/a><br \/>\nWissenschaftliche Referentin f\u00fcr Biblische Arch\u00e4ologie\/ Arch\u00e4ologie der Levante<br \/>\nPr\u00e4sidialbereich<br \/>\nPodbielskiallee 69-71<br \/>\n14195 Berlin <\/p><\/div>\r\n<\/div> <!-- Close staff-member --><\/div> <!-- Close staff-member-listing -->\n","protected":false},"excerpt":{"rendered":"<p>Die wissenschaftliche Erforschung der Geschichte und Kultur Pal\u00e4stinas, insbesondere seiner biblischen Vergangenheit, ist das Ziel, das sich der Deutsche Verein zur Erforschung Pal\u00e4stinas seit seiner Gr\u00fcndung im Jahr 1877 gesteckt hat. Zu diesem Zweck bringt der Verein die an diesem Zweck interessierten Personen zusammen und macht die Ergebnisse der Pal\u00e4stinaforschung weiteren Kreisen zug\u00e4nglich. Alle zwei [&hellip;]<\/p>\n","protected":false},"author":6,"featured_media":0,"parent":0,"menu_order":0,"comment_status":"closed","ping_status":"closed","template":"","meta":{"_bbp_topic_count":0,"_bbp_reply_count":0,"_bbp_total_topic_count":0,"_bbp_total_reply_count":0,"_bbp_voice_count":0,"_bbp_anonymous_reply_count":0,"_bbp_topic_count_hidden":0,"_bbp_reply_count_hidden":0,"_bbp_forum_subforum_count":0,"footnotes":""},"class_list":["post-917","page","type-page","status-publish","hentry"],"_links":{"self":[{"href":"https:\/\/www.palaestina-verein.de\/wp\/wordpress\/index.php?rest_route=\/wp\/v2\/pages\/917","targetHints":{"allow":["GET"]}}],"collection":[{"href":"https:\/\/www.palaestina-verein.de\/wp\/wordpress\/index.php?rest_route=\/wp\/v2\/pages"}],"about":[{"href":"https:\/\/www.palaestina-verein.de\/wp\/wordpress\/index.php?rest_route=\/wp\/v2\/types\/page"}],"author":[{"embeddable":true,"href":"https:\/\/www.palaestina-verein.de\/wp\/wordpress\/index.php?rest_route=\/wp\/v2\/users\/6"}],"replies":[{"embeddable":true,"href":"https:\/\/www.palaestina-verein.de\/wp\/wordpress\/index.php?rest_route=%2Fwp%2Fv2%2Fcomments&post=917"}],"version-history":[{"count":21,"href":"https:\/\/www.palaestina-verein.de\/wp\/wordpress\/index.php?rest_route=\/wp\/v2\/pages\/917\/revisions"}],"predecessor-version":[{"id":2783,"href":"https:\/\/www.palaestina-verein.de\/wp\/wordpress\/index.php?rest_route=\/wp\/v2\/pages\/917\/revisions\/2783"}],"wp:attachment":[{"href":"https:\/\/www.palaestina-verein.de\/wp\/wordpress\/index.php?rest_route=%2Fwp%2Fv2%2Fmedia&parent=917"}],"curies":[{"name":"wp","href":"https:\/\/api.w.org\/{rel}","templated":true}]}}