{"id":938,"date":"2014-09-22T15:28:25","date_gmt":"2014-09-22T15:28:25","guid":{"rendered":"http:\/\/www.palaestina-verein.de\/wp\/wordpress\/?page_id=938"},"modified":"2014-11-12T13:22:02","modified_gmt":"2014-11-12T13:22:02","slug":"das-logo-2","status":"publish","type":"page","link":"https:\/\/www.palaestina-verein.de\/wp\/wordpress?page_id=938","title":{"rendered":"Das Logo"},"content":{"rendered":"<p><div id=\"attachment_1693\" style=\"width: 310px\" class=\"wp-caption alignright\"><a href=\"https:\/\/www.palaestina-verein.de\/wp\/wordpress\/wp-content\/uploads\/Madaba-map-Kopie-e1414582826651.jpg\"><img loading=\"lazy\" decoding=\"async\" aria-describedby=\"caption-attachment-1693\" class=\"wp-image-1693 size-medium\" src=\"https:\/\/www.palaestina-verein.de\/wp\/wordpress\/wp-content\/uploads\/Madaba-map-Kopie-e1414582826651-300x167.jpg\" alt=\"Die Stadtvignette von Jerusalem auf der Mosaikkarte von Madeba (Wikimedia Commons).\" width=\"300\" height=\"167\" srcset=\"https:\/\/www.palaestina-verein.de\/wp\/wordpress\/wp-content\/uploads\/Madaba-map-Kopie-e1414582826651-300x167.jpg 300w, https:\/\/www.palaestina-verein.de\/wp\/wordpress\/wp-content\/uploads\/Madaba-map-Kopie-e1414582826651-705x394.jpg 705w, https:\/\/www.palaestina-verein.de\/wp\/wordpress\/wp-content\/uploads\/Madaba-map-Kopie-e1414582826651-450x251.jpg 450w, https:\/\/www.palaestina-verein.de\/wp\/wordpress\/wp-content\/uploads\/Madaba-map-Kopie-e1414582826651.jpg 1024w\" sizes=\"auto, (max-width: 300px) 100vw, 300px\" \/><\/a><p id=\"caption-attachment-1693\" class=\"wp-caption-text\">Die Stadtvignette von Jerusalem auf der Mosaikkarte von Madeba (Wikimedia Commons).<\/p><\/div>Seit 1994 ziert die Stadtvignette von Jerusalem aus der Mosaikkarte von Madeba die Druckerzeugnisse des Deutschen Pal\u00e4stina-Vereins. Der Vorstand hat sich f\u00fcr die Vignette von Jerusalem entschieden, weil dieser Ort des Heiligen Landes wie kein anderer V\u00f6lker und Zeiten, Kulturen und Religionen verbindet. Sie symbolisiert damit die Zielsetzungen des Vereins und seiner Organe.<br \/>\nDie Mosaikvignette empfahl sich einerseits durch Ihre geschlossene Form, andererseits als Hinweis auf das wissenschaftliche und f\u00fcrsorgliche Interesse des Vereins an der Mosaikkarte von Madeba seit ihrer Entdeckung gegen Ende des vorigen Jahrhunderts.<\/p>\n<p>Ausf\u00fchrliche Erl\u00e4uterungen finden sich bei\u00a0<a title=\"ADPV 05\" href=\"https:\/\/www.palaestina-verein.de\/wp\/wordpress\/?portfolio=adpv-05\">H. Donner\/H. C\u00fcppers, Die Mosaikkarte von Madeba (Abhandlungen des Deutschen Pal\u00e4stinavereins 5; Wiesbaden 1977)<\/a>.<\/p>\n","protected":false},"excerpt":{"rendered":"<p>Seit 1994 ziert die Stadtvignette von Jerusalem aus der Mosaikkarte von Madeba die Druckerzeugnisse des Deutschen Pal\u00e4stina-Vereins. Der Vorstand hat sich f\u00fcr die Vignette von Jerusalem entschieden, weil dieser Ort des Heiligen Landes wie kein anderer V\u00f6lker und Zeiten, Kulturen und Religionen verbindet. Sie symbolisiert damit die Zielsetzungen des Vereins und seiner Organe. Die Mosaikvignette [&hellip;]<\/p>\n","protected":false},"author":6,"featured_media":0,"parent":917,"menu_order":0,"comment_status":"closed","ping_status":"closed","template":"","meta":{"_bbp_topic_count":0,"_bbp_reply_count":0,"_bbp_total_topic_count":0,"_bbp_total_reply_count":0,"_bbp_voice_count":0,"_bbp_anonymous_reply_count":0,"_bbp_topic_count_hidden":0,"_bbp_reply_count_hidden":0,"_bbp_forum_subforum_count":0,"footnotes":""},"class_list":["post-938","page","type-page","status-publish","hentry"],"_links":{"self":[{"href":"https:\/\/www.palaestina-verein.de\/wp\/wordpress\/index.php?rest_route=\/wp\/v2\/pages\/938","targetHints":{"allow":["GET"]}}],"collection":[{"href":"https:\/\/www.palaestina-verein.de\/wp\/wordpress\/index.php?rest_route=\/wp\/v2\/pages"}],"about":[{"href":"https:\/\/www.palaestina-verein.de\/wp\/wordpress\/index.php?rest_route=\/wp\/v2\/types\/page"}],"author":[{"embeddable":true,"href":"https:\/\/www.palaestina-verein.de\/wp\/wordpress\/index.php?rest_route=\/wp\/v2\/users\/6"}],"replies":[{"embeddable":true,"href":"https:\/\/www.palaestina-verein.de\/wp\/wordpress\/index.php?rest_route=%2Fwp%2Fv2%2Fcomments&post=938"}],"version-history":[{"count":8,"href":"https:\/\/www.palaestina-verein.de\/wp\/wordpress\/index.php?rest_route=\/wp\/v2\/pages\/938\/revisions"}],"predecessor-version":[{"id":1813,"href":"https:\/\/www.palaestina-verein.de\/wp\/wordpress\/index.php?rest_route=\/wp\/v2\/pages\/938\/revisions\/1813"}],"up":[{"embeddable":true,"href":"https:\/\/www.palaestina-verein.de\/wp\/wordpress\/index.php?rest_route=\/wp\/v2\/pages\/917"}],"wp:attachment":[{"href":"https:\/\/www.palaestina-verein.de\/wp\/wordpress\/index.php?rest_route=%2Fwp%2Fv2%2Fmedia&parent=938"}],"curies":[{"name":"wp","href":"https:\/\/api.w.org\/{rel}","templated":true}]}}