{"id":966,"date":"2014-09-22T16:30:17","date_gmt":"2014-09-22T16:30:17","guid":{"rendered":"http:\/\/www.palaestina-verein.de\/wp\/wordpress\/?page_id=966"},"modified":"2025-01-01T14:17:42","modified_gmt":"2025-01-01T14:17:42","slug":"die-bibliothek","status":"publish","type":"page","link":"https:\/\/www.palaestina-verein.de\/wp\/wordpress?page_id=966","title":{"rendered":"Die Bibliothek"},"content":{"rendered":"<div id=\"attachment_3239\" style=\"width: 1510px\" class=\"wp-caption alignleft\"><img loading=\"lazy\" decoding=\"async\" aria-describedby=\"caption-attachment-3239\" class=\"wp-image-3239 size-featured\" src=\"https:\/\/www.palaestina-verein.de\/wp\/wordpress\/wp-content\/uploads\/bibliothek_muenster-1500x430.jpg\" alt=\"Die Vereinsbibliothek in M\u00fcnster (Photographie: Robert Dylka)\" width=\"1500\" height=\"430\" \/><p id=\"caption-attachment-3239\" class=\"wp-caption-text\">Die Vereinsbibliothek in M\u00fcnster (Photographie: Robert Dylka)<\/p><\/div>\n<p>Die seit 1878 zusammengetragene, herausragende Pal\u00e4stina-Bibliothek des Vereins verbrannte 1943 w\u00e4hrend der Bombenangriffe auf Leipzig zusammen mit dem Archiv und den ethnologischen und arch\u00e4ologischen Sammlungen des Vereins. Die Vereinsbibliothek wurde nach dem Zweiten Weltkrieg langsam wiederaufgebaut. Sie ist eine Nachkriegsbibliothek, die auf dem Austausch der ZDPV mit vergleichbaren Zeitschriften basiert.<\/p>\n<p>Die Bibliothek befand sich bis zur Emeritierung des langj\u00e4hrigen Vereinsvorsitzenden Prof. Dr. Ulrich H\u00fcbner an der Theologischen Fakult\u00e4t der Universit\u00e4t Kiel. Im Sommersemester 2017 wurden die umfangreichen Best\u00e4nde als Dauerleihgabe an die Universit\u00e4t M\u00fcnster und an die Humboldt-Universit\u00e4t zu Berlin \u00fcberf\u00fchrt. Die Zeitschriften befinden sich nun am <a href=\"https:\/\/www.uni-muenster.de\/Archaeologie\/\">Institut f\u00fcr Klassische Arch\u00e4ologie der Universit\u00e4t M\u00fcnster<\/a> und werden dort von <a href=\"mailto:lichtenb@uni-muenster.de\">Prof. Dr. Achim Lichtenberger<\/a> verwaltet. Die Monographien stehen zur Zeit in R\u00e4umen der Professur f\u00fcr Exegese und Literaturgeschichte des Alten Testaments an der <a href=\"https:\/\/www.theologie.hu-berlin.de\/de\/professuren\/professuren\/at\/bibliothek-des-deutschen-palaestina-vereins\">Theologischen Fakult\u00e4t der Humboldt-Universit\u00e4t zu Berlin<\/a> (Burgstra\u00dfe 26, Raum 212) und werden von Prof. Dr. Markus Witte gepflegt.<\/p>\n<p>Die \u00fcber 2000 monographischen Titel bestehen aus Reihen, Monographien und Sammelb\u00e4nden zur Arch\u00e4ologie Israels, Pal\u00e4stinas, Jordaniens, des Libanon und \u00c4gyptens. Weiterhin beinhaltet die monographische Bibliothek eine gro\u00dfe Sammlung von Reise- und Pilgererz\u00e4hlungen, Kunstb\u00e4nden, Atlanten sowie exegetische Literatur. Dazu kommen touristische F\u00fchrer und Ausstellungskataloge. Die\u00a0Bibliothek beinhaltet auch die arch\u00e4ologische\u00a0Bibliothek von Prof. em. Dr. Manfred Weippert und Prof. Dr. Helga Weippert, die diese dem Deutschen Pal\u00e4stina-Verein geschenkt haben. In j\u00fcngster Zeit sind einschl\u00e4gige pal\u00e4stinawissenschaftliche Werke aus der\u00a0Bibliothek von Prof. em. Dr. Werner H. Schmidt hinzugekommen.<\/p>\n<p>Bei der Bibliothek in Berlin handelt sich um eine Pr\u00e4senzbibliothek. In Ausnahmen ist eine Ausleihe zur Benutzung in R\u00e4umen der Theologischen Fakult\u00e4t (Burgstra\u00dfe 26, 10178 Berlin) m\u00f6glich. Weitere Informationen erhalten Sie bei\u00a0<a href=\"mailto:markus.witte@hu-berlin.de\">Prof. Dr. Markus Witte<\/a>.<\/p>\n<p>Die monographischen Titel werden gegenw\u00e4rtig systematisch geordnet und \u00fcber Kategorien (Ausgrabungsorte, Reiseberichte etc.) zug\u00e4nglich gemacht. Jedoch kann bereits jetzt \u00fcber die Suchfunktion in dem Dokument ein gew\u00fcnschtes Buch gefunden werden. Die Bestandsliste finden sie <a href=\"https:\/\/www.theologie.hu-berlin.de\/de\/professuren\/professuren\/at\/bibliothek-des-deutschen-palaestina-vereins\/dpv-bibliothek-bestand-monographien-berlin-1.pdf\">in diesem Dokument<\/a>.<\/p>\n<p>Der Lehrstuhl von Prof Dr. Markus Witte\u00a0verf\u00fcgt ebenfalls \u00fcber eine gro\u00dfe Sammlung von Glasplattendias, die auf Hugo Gressmann zur\u00fcckgeht, der von 1907\u20131927 in Berlin lehrte. F\u00fcr weitere Informationen finden Sie <a href=\"https:\/\/www.theologie.hu-berlin.de\/de\/professuren\/professuren\/at\/palaestina\">hier<\/a>.<\/p>\n<hr \/>\n<div class=\"\"><span class=\"\">Zeitschriftentauschexemplare werden erbeten an:<\/span><\/div>\n<div class=\"\"><span class=\"\">\u00a0<\/span><\/div>\n<div class=\"\"><span class=\"\">Prof. Dr. Achim Lichtenberger<br class=\"\" \/>Westf\u00e4lische Wilhelms-Universit\u00e4t M\u00fcnster<br class=\"\" \/>Institut f\u00fcr Klassische Arch\u00e4ologie und Christliche Arch\u00e4ologie\/Arch\u00e4ologisches Museum<br class=\"\" \/>Domplatz 20-22<br class=\"\" \/>D-48143 M\u00fcnster<\/span><\/div>\n<div class=\"\"><span class=\"\">\u00a0<\/span><\/div>\n<div class=\"\"><span class=\"\">F\u00fcr die DPV-Bibliothek gedachte Monographien und f\u00fcr die ZDPV vorgesehene Rezensionsexemplare werden erbeten an:<\/span><\/div>\n<div class=\"\">\n<div class=\"\"><b class=\"\">\u00a0<\/b><\/div>\n<div class=\"\"><span class=\"\">Prof. Dr. Markus Witte<br class=\"\" \/>Lehrstuhl f\u00fcr Exegese und Literaturgeschichte\u00a0<\/span><span class=\"\">des Alten Testaments<br class=\"\" \/><\/span><\/div>\n<div class=\"\"><span class=\"\">Theologische Fakult\u00e4t<br class=\"\" \/>Humboldt-Universit\u00e4t zu Berlin<br class=\"\" \/>Postanschrift:<br class=\"\" \/>Unter den Linden 6<br class=\"\" \/>D &#8211; 10099 Berlin<\/span><\/div>\n<\/div>\n","protected":false},"excerpt":{"rendered":"<p>Die seit 1878 zusammengetragene, herausragende Pal\u00e4stina-Bibliothek des Vereins verbrannte 1943 w\u00e4hrend der Bombenangriffe auf Leipzig zusammen mit dem Archiv und den ethnologischen und arch\u00e4ologischen Sammlungen des Vereins. Die Vereinsbibliothek wurde nach dem Zweiten Weltkrieg langsam wiederaufgebaut. Sie ist eine Nachkriegsbibliothek, die auf dem Austausch der ZDPV mit vergleichbaren Zeitschriften basiert. Die Bibliothek befand sich bis [&hellip;]<\/p>\n","protected":false},"author":6,"featured_media":0,"parent":917,"menu_order":0,"comment_status":"closed","ping_status":"closed","template":"","meta":{"_bbp_topic_count":0,"_bbp_reply_count":0,"_bbp_total_topic_count":0,"_bbp_total_reply_count":0,"_bbp_voice_count":0,"_bbp_anonymous_reply_count":0,"_bbp_topic_count_hidden":0,"_bbp_reply_count_hidden":0,"_bbp_forum_subforum_count":0,"footnotes":""},"class_list":["post-966","page","type-page","status-publish","hentry"],"_links":{"self":[{"href":"https:\/\/www.palaestina-verein.de\/wp\/wordpress\/index.php?rest_route=\/wp\/v2\/pages\/966","targetHints":{"allow":["GET"]}}],"collection":[{"href":"https:\/\/www.palaestina-verein.de\/wp\/wordpress\/index.php?rest_route=\/wp\/v2\/pages"}],"about":[{"href":"https:\/\/www.palaestina-verein.de\/wp\/wordpress\/index.php?rest_route=\/wp\/v2\/types\/page"}],"author":[{"embeddable":true,"href":"https:\/\/www.palaestina-verein.de\/wp\/wordpress\/index.php?rest_route=\/wp\/v2\/users\/6"}],"replies":[{"embeddable":true,"href":"https:\/\/www.palaestina-verein.de\/wp\/wordpress\/index.php?rest_route=%2Fwp%2Fv2%2Fcomments&post=966"}],"version-history":[{"count":17,"href":"https:\/\/www.palaestina-verein.de\/wp\/wordpress\/index.php?rest_route=\/wp\/v2\/pages\/966\/revisions"}],"predecessor-version":[{"id":4047,"href":"https:\/\/www.palaestina-verein.de\/wp\/wordpress\/index.php?rest_route=\/wp\/v2\/pages\/966\/revisions\/4047"}],"up":[{"embeddable":true,"href":"https:\/\/www.palaestina-verein.de\/wp\/wordpress\/index.php?rest_route=\/wp\/v2\/pages\/917"}],"wp:attachment":[{"href":"https:\/\/www.palaestina-verein.de\/wp\/wordpress\/index.php?rest_route=%2Fwp%2Fv2%2Fmedia&parent=966"}],"curies":[{"name":"wp","href":"https:\/\/api.w.org\/{rel}","templated":true}]}}